{"id":108,"date":"2025-07-26T14:58:28","date_gmt":"2025-07-26T12:58:28","guid":{"rendered":"https:\/\/www2.cornelia-schlatter.de\/?page_id=108"},"modified":"2025-07-29T23:43:19","modified_gmt":"2025-07-29T21:43:19","slug":"geschaeftsfuehrer-dr-cornelia-schlatter","status":"publish","type":"page","link":"https:\/\/www.cornelia-schlatter.de\/?page_id=108","title":{"rendered":"Gesch\u00e4ftsf\u00fchrer Dr. Cornelia Schlatter"},"content":{"rendered":"<table style=\"height: 70px; width: 877px;\">\n<tbody>\n<tr style=\"height: 50px;\" valign=\"top\">\n<td style=\"width: 40px;\" valign=\"top\"><img loading=\"lazy\" decoding=\"async\" class=\"alignnone size-full wp-image-109\" src=\"https:\/\/www.cornelia-schlatter.de\/wp-content\/uploads\/2025\/07\/Roter_Punkt.png\" alt=\"\" width=\"33\" height=\"31\" \/><\/td>\n<td style=\"text-align: left;\"><span style=\"font-family: 'Century Gothic', CenturyGothic, Geneva, AppleGothic, sans-serif; font-size: 19.09090805053711px; line-height: 150%;\"><strong>Studium der Betriebswirtschaftslehre (Universit\u00e4t Mannheim)<\/strong><br \/>\n<\/span><\/td>\n<\/tr>\n<tr style=\"height: 10px;\">\n<td style=\"width: 20px;\" valign=\"middle\"><\/td>\n<td style=\"text-align: left;\"><\/td>\n<\/tr>\n<tr style=\"height: 65px;\" valign=\"top\">\n<td style=\"width: 20px;\" valign=\"top\"><img loading=\"lazy\" decoding=\"async\" class=\"alignnone size-full wp-image-109\" src=\"https:\/\/www.cornelia-schlatter.de\/wp-content\/uploads\/2025\/07\/Roter_Punkt.png\" alt=\"\" width=\"33\" height=\"31\" \/><\/td>\n<td style=\"text-align: left;\"><span style=\"font-family: 'Century Gothic', CenturyGothic, Geneva, AppleGothic, sans-serif; font-size: 19.09090805053711px; line-height: 150%;\"><strong>Berufliche Stationen<\/strong><\/span><\/p>\n<p><span style=\"font-family: 'Century Gothic', CenturyGothic, Geneva, AppleGothic, sans-serif; font-size: 19.0909px; line-height: 150%;\"> <span style=\"color: #ff0000;\">&#8211;<\/span> Siemens AG\/HR-Bereich<\/span><\/p>\n<p><span style=\"font-family: 'Century Gothic', CenturyGothic, Geneva, AppleGothic, sans-serif; font-size: 19.09090805053711px; line-height: 150%;\"><br \/>\n<span style=\"font-family: 'Century Gothic', CenturyGothic, Geneva, AppleGothic, sans-serif; font-size: 19.0909px; line-height: 150%;\"><span style=\"color: #ff0000;\">&#8211;<\/span><\/span> Wissenschaftlicher Mitarbeiter\/Universit\u00e4t Mannheim\/Prof. Gaugler\/Promotion \u00fcber das Thema &#8222;Die Ermittlung des Bedarfs an sozial- kommunikativen Qualifikationen bei F\u00fchrungspositionen der Dienstleistungsbranche&#8220;<\/span><\/p>\n<p><span style=\"font-family: 'Century Gothic', CenturyGothic, Geneva, AppleGothic, sans-serif; font-size: 19.09090805053711px; line-height: 150%;\"><br \/>\n<span style=\"font-family: 'Century Gothic', CenturyGothic, Geneva, AppleGothic, sans-serif; font-size: 19.0909px; line-height: 150%;\"><span style=\"color: #ff0000;\">&#8211;<\/span><\/span> Zahlreiche Projekte bei Siemens, BASF etc.: Konzipierung von Beurteilungs- und Verg\u00fctungssystemen, Trainingskonzeptionen und F\u00fchrungsnachwuchsprogrammen, Mitarbeiter- und Kundenbefragungen, Qualifizierungsma\u00dfnahmen (Mitarbeiterf\u00fchrung, Kundenorientierung + Vertrieb, BWL)<\/span><\/p>\n<p><span style=\"font-family: 'Century Gothic', CenturyGothic, Geneva, AppleGothic, sans-serif; font-size: 19.09090805053711px; line-height: 150%;\"><br \/>\n<span style=\"font-family: 'Century Gothic', CenturyGothic, Geneva, AppleGothic, sans-serif; font-size: 19.0909px; line-height: 150%;\"><span style=\"color: #ff0000;\">&#8211;<\/span><\/span> Dozenten- und Trainingst\u00e4tigkeiten: Fachhochschulen, DHBW, private Institute<\/span><\/p>\n<p><span style=\"font-family: 'Century Gothic', CenturyGothic, Geneva, AppleGothic, sans-serif; font-size: 19.09090805053711px; line-height: 150%;\"><br \/>\n<span style=\"font-family: 'Century Gothic', CenturyGothic, Geneva, AppleGothic, sans-serif; font-size: 19.0909px; line-height: 150%;\"><span style=\"color: #ff0000;\">&#8211;<\/span><\/span> 1997 Gr\u00fcndung von SCHLATTER \u2013 Training und Beratung\/Dr. Cornelia Schlatter (www.cornelia-schlatter.de)<\/span><\/p>\n<p><span style=\"font-family: 'Century Gothic', CenturyGothic, Geneva, AppleGothic, sans-serif; font-size: 19.09090805053711px; line-height: 150%;\"><br \/>\n<span style=\"font-family: 'Century Gothic', CenturyGothic, Geneva, AppleGothic, sans-serif; font-size: 19.0909px; line-height: 150%;\"><span style=\"color: #ff0000;\">&#8211; <\/span><\/span>Nationale und internationale Qualifizierungsprojekte bei Lufthansa, T-Systems, BASF, Daimler, Bosch, Olympus, Krones etc.<\/span><\/p>\n<p><span style=\"font-family: 'Century Gothic', CenturyGothic, Geneva, AppleGothic, sans-serif; font-size: 19.09090805053711px; line-height: 150%;\"><br \/>\n<span style=\"font-family: 'Century Gothic', CenturyGothic, Geneva, AppleGothic, sans-serif; font-size: 19.0909px; line-height: 150%;\"><span style=\"color: #ff0000;\">&#8211;<\/span><\/span> Unternehmen der privaten Wirtschaft und des \u00f6ffentlichen Bereichs (u. a. Deutsche Bundesbank, FMSA, Bundesagentur f\u00fcr Arbeit); KMU bis Gro\u00dfkonzerne<\/span><\/p>\n<p><span style=\"font-family: 'Century Gothic', CenturyGothic, Geneva, AppleGothic, sans-serif; font-size: 19.09090805053711px; line-height: 150%;\"><br \/>\n<span style=\"font-family: 'Century Gothic', CenturyGothic, Geneva, AppleGothic, sans-serif; font-size: 19.0909px; line-height: 150%;\"><span style=\"color: #ff0000;\">&#8211;<\/span><\/span> Referent auf Tagungen und Kongressen (u. a. DGFP, ManagerSeminare, DDIV, Chemieverb\u00e4nde)<br \/>\n<\/span><\/td>\n<\/tr>\n<tr style=\"height: 10px;\">\n<td style=\"width: 20px;\" valign=\"middle\"><\/td>\n<td style=\"text-align: justify;\"><\/td>\n<\/tr>\n<tr style=\"height: 80px;\" valign=\"top\">\n<td style=\"width: 20px;\" valign=\"top\"><img loading=\"lazy\" decoding=\"async\" class=\"alignnone size-full wp-image-109\" src=\"https:\/\/www.cornelia-schlatter.de\/wp-content\/uploads\/2025\/07\/Roter_Punkt.png\" alt=\"\" width=\"33\" height=\"31\" \/><\/td>\n<td style=\"text-align: left;\"><span style=\"font-family: 'Century Gothic', CenturyGothic, Geneva, AppleGothic, sans-serif; font-size: 19.09090805053711px; line-height: 150%;\"><strong>Trainingsfelder<\/strong><\/span><\/p>\n<p><span style=\"font-family: 'Century Gothic', CenturyGothic, Geneva, AppleGothic, sans-serif; font-size: 19.09090805053711px; line-height: 150%;\"><span style=\"color: #ff0000;\">&#8211;<\/span> Konzeption und Durchf\u00fchrung von Vertriebsqualifizierungsprogrammen (Vertriebskompetenz, modernes Serviceverst\u00e4ndnis, Kundenr\u00fcckgewinnung)<\/span><\/p>\n<p><span style=\"font-family: 'Century Gothic', CenturyGothic, Geneva, AppleGothic, sans-serif; font-size: 19.09090805053711px; line-height: 150%;\"><br \/>\n<span style=\"color: #ff0000;\">&#8211;<\/span> Konzeption und Durchf\u00fchrung von F\u00fchrungsnachwuchs- und -entwicklungs-programmen (u. a. F\u00fchrungskommunikation, Wertevermittlung, Situatives F\u00fchren, Konfliktkompetenz im F\u00fchrungsalltag)<\/span><\/p>\n<p><span style=\"font-family: 'Century Gothic', CenturyGothic, Geneva, AppleGothic, sans-serif; font-size: 19.09090805053711px; line-height: 150%;\"><br \/>\n<span style=\"color: #ff0000;\">&#8211;<\/span> Angewandte Kommunikation (Konfliktthemen, Umgang mit kritischen Situationen und Charakteren, Business Knigge)<\/span><\/p>\n<p><span style=\"font-family: 'Century Gothic', CenturyGothic, Geneva, AppleGothic, sans-serif; font-size: 19.09090805053711px; line-height: 150%;\"><br \/>\n<span style=\"color: #ff0000;\">&#8211;<\/span> Betriebswirtschaftliche Themen sowie Planspiele f\u00fcr Nicht-Kaufleute, Azubis <\/span><\/p>\n<p><span style=\"font-family: 'Century Gothic', CenturyGothic, Geneva, AppleGothic, sans-serif; font-size: 19.09090805053711px; line-height: 150%;\"><br \/>\n<span style=\"color: #ff0000;\">&#8211;<\/span> Frauenspezifische F\u00fchrungsthemen<\/span><\/p>\n<p><span style=\"font-family: 'Century Gothic', CenturyGothic, Geneva, AppleGothic, sans-serif; font-size: 19.09090805053711px; line-height: 150%;\"><br \/>\n<span style=\"color: #ff0000;\">&#8211;<\/span> Business Coaching\/systemische Beratung\/F\u00fchrungsbegleitung\/Teambildung\/Mediation<\/span><\/td>\n<\/tr>\n<\/tbody>\n<\/table>\n","protected":false},"excerpt":{"rendered":"<p>Studium der Betriebswirtschaftslehre (Universit\u00e4t Mannheim) Berufliche Stationen &#8211; Siemens AG\/HR-Bereich &#8211; Wissenschaftlicher Mitarbeiter\/Universit\u00e4t Mannheim\/Prof. Gaugler\/Promotion \u00fcber das Thema &#8222;Die Ermittlung des Bedarfs an sozial- kommunikativen Qualifikationen bei F\u00fchrungspositionen der Dienstleistungsbranche&#8220; &#8211; Zahlreiche Projekte bei Siemens, BASF etc.: Konzipierung von Beurteilungs- und Verg\u00fctungssystemen, Trainingskonzeptionen und F\u00fchrungsnachwuchsprogrammen, Mitarbeiter- und Kundenbefragungen, Qualifizierungsma\u00dfnahmen (Mitarbeiterf\u00fchrung, Kundenorientierung + Vertrieb, BWL) &#8211; [&hellip;]<\/p>\n","protected":false},"author":1,"featured_media":0,"parent":0,"menu_order":0,"comment_status":"closed","ping_status":"closed","template":"","meta":{"footnotes":""},"class_list":["post-108","page","type-page","status-publish","hentry","entry"],"_links":{"self":[{"href":"https:\/\/www.cornelia-schlatter.de\/index.php?rest_route=\/wp\/v2\/pages\/108","targetHints":{"allow":["GET"]}}],"collection":[{"href":"https:\/\/www.cornelia-schlatter.de\/index.php?rest_route=\/wp\/v2\/pages"}],"about":[{"href":"https:\/\/www.cornelia-schlatter.de\/index.php?rest_route=\/wp\/v2\/types\/page"}],"author":[{"embeddable":true,"href":"https:\/\/www.cornelia-schlatter.de\/index.php?rest_route=\/wp\/v2\/users\/1"}],"replies":[{"embeddable":true,"href":"https:\/\/www.cornelia-schlatter.de\/index.php?rest_route=%2Fwp%2Fv2%2Fcomments&post=108"}],"version-history":[{"count":2,"href":"https:\/\/www.cornelia-schlatter.de\/index.php?rest_route=\/wp\/v2\/pages\/108\/revisions"}],"predecessor-version":[{"id":180,"href":"https:\/\/www.cornelia-schlatter.de\/index.php?rest_route=\/wp\/v2\/pages\/108\/revisions\/180"}],"wp:attachment":[{"href":"https:\/\/www.cornelia-schlatter.de\/index.php?rest_route=%2Fwp%2Fv2%2Fmedia&parent=108"}],"curies":[{"name":"wp","href":"https:\/\/api.w.org\/{rel}","templated":true}]}}