{"id":134,"date":"2025-07-27T11:46:33","date_gmt":"2025-07-27T09:46:33","guid":{"rendered":"https:\/\/www.cornelia-schlatter.de\/?page_id=134"},"modified":"2025-08-04T07:16:10","modified_gmt":"2025-08-04T05:16:10","slug":"formate","status":"publish","type":"page","link":"https:\/\/www.cornelia-schlatter.de\/?page_id=134","title":{"rendered":"Formate"},"content":{"rendered":"<p><img loading=\"lazy\" decoding=\"async\" class=\"alignnone size-medium wp-image-64\" src=\"https:\/\/www.cornelia-schlatter.de\/wp-content\/uploads\/2025\/07\/8267351_l-300x225.jpg\" alt=\"\" width=\"300\" height=\"225\" srcset=\"https:\/\/www.cornelia-schlatter.de\/wp-content\/uploads\/2025\/07\/8267351_l-300x225.jpg 300w, https:\/\/www.cornelia-schlatter.de\/wp-content\/uploads\/2025\/07\/8267351_l-1024x768.jpg 1024w, https:\/\/www.cornelia-schlatter.de\/wp-content\/uploads\/2025\/07\/8267351_l-768x576.jpg 768w, https:\/\/www.cornelia-schlatter.de\/wp-content\/uploads\/2025\/07\/8267351_l-1536x1152.jpg 1536w, https:\/\/www.cornelia-schlatter.de\/wp-content\/uploads\/2025\/07\/8267351_l-2048x1536.jpg 2048w\" sizes=\"auto, (max-width: 300px) 100vw, 300px\" \/><\/p>\n<p>&nbsp;<\/p>\n<p align=\"justify\"><span style=\"font-family: Century Gothic, serif; font-size: 14pt;\"><span lang=\"en-US\">Unsere Weiterbildungsformate sind frei skalierbar nach Ihren W\u00fcnschen, den Zielsetzungen, Erwartungen, den inhaltlichen Schwerpunkten, den Zielgruppen und der zeitlichen Dauer.<\/span><\/span><\/p>\n<table>\n<tbody>\n<tr>\n<td style=\"width: 40px;\" valign=\"middle\"><strong>\u00a0<\/strong><\/td>\n<td><span style=\"font-size: 14pt;\"><span style=\"font-family: Century Gothic, serif;\"><span lang=\"en-US\"><b>Trainings\/Workshops:<\/b><\/span><\/span><span style=\"font-family: Century Gothic, serif;\"><span lang=\"en-US\"> Unsere klassischen Trainings umfassen kompakten, interaktiven Trainerinput, Gruppenarbeiten, kleinere Workshops, Formulierungs\u00fcbungen, Rollenspiele oder Simulationen von Gespr\u00e4chssituationen, Selbsteinsch\u00e4tzungen und Reflexionen.<\/span><\/span><\/span><\/td>\n<\/tr>\n<tr>\n<td><\/td>\n<td><\/td>\n<\/tr>\n<tr>\n<td style=\"width: 40px;\" valign=\"middle\"><strong>\u00a0<\/strong><\/td>\n<td>\u00a0<span style=\"font-size: 14pt;\"><span style=\"font-family: Century Gothic, serif;\"><span lang=\"en-US\"><b>Teamformate:<\/b><\/span><\/span><span style=\"font-family: Century Gothic, serif;\"><span lang=\"en-US\"> Nutzen Sie die M\u00f6glichkeiten der Schwarmintelligenz Themen innerhalb eines Teams gezielt voranzubringen. <\/span><\/span><span style=\"font-family: Century Gothic, serif;\">Nutzen Sie den gemeinsamen Blick auf einen Themenkomplex mit einem klaren gemeinsamen Mindset.<\/span><\/span><\/td>\n<\/tr>\n<tr>\n<td><\/td>\n<td><\/td>\n<\/tr>\n<tr>\n<td style=\"width: 40px;\" valign=\"middle\"><\/td>\n<td><span style=\"font-size: 14pt;\"><span style=\"font-family: Century Gothic, serif;\"><b>Impulstage:<\/b><\/span><span style=\"font-family: Century Gothic, serif;\"> Unsere Impulstage dienen dazu, Anregungen und Orientierungen zu geben, um im eigenen Umfeld Verbesserungen und neue Herangehensweisen zu initiieren.<\/span><\/span><\/td>\n<\/tr>\n<tr>\n<td><\/td>\n<td><\/td>\n<\/tr>\n<tr>\n<td style=\"width: 40px;\" valign=\"middle\"><\/td>\n<td><span style=\"font-size: 14pt;\"><span style=\"font-family: Century Gothic, serif;\"><b>Lern\u201cnuggets\u201c:<\/b><\/span><span style=\"font-family: Century Gothic, serif;\"> Das kompakte Kurzformat (ca. 3 Stunden) bringt auf den Punkt Anregungen zu einem Schwerpunktthema mit interaktiver Einbindung der Teilnehmer:innen.<\/span><\/span><\/td>\n<\/tr>\n<tr>\n<td><\/td>\n<td><\/td>\n<\/tr>\n<tr>\n<td style=\"width: 40px;\" valign=\"middle\"><\/td>\n<td><span style=\"font-size: 14pt;\"><span style=\"font-family: Century Gothic, serif;\"><b>World Caf\u00e9s\/Themencaf\u00e9s:<\/b><\/span><span style=\"font-family: Century Gothic, serif;\"> Nutzen Sie auch hier die Schwarmintelligenz, um in Gro\u00dfgruppen komplexe Themen durch verschiedene Sichtweisen und Blickwinkel zu durchdringen und entscheidungsf\u00e4hig zu machen.<\/span><\/span><\/td>\n<\/tr>\n<tr>\n<td><\/td>\n<td><\/td>\n<\/tr>\n<tr>\n<td style=\"width: 40px;\" valign=\"middle\"><\/td>\n<td><span style=\"font-family: Century Gothic, sans-serif; font-size: 14pt;\"><strong>Webinare:<\/strong> Nutzen Sie die M\u00f6glichkeit, klassische Seminarthemen in mehreren einst\u00fcndigen Webinaren &#8211; gef\u00fchrt durch Trainer:innen oder Moderator:innen \u2013 auch online zu besuchen.<\/span><\/td>\n<\/tr>\n<\/tbody>\n<\/table>\n<p align=\"justify\"><span style=\"font-size: 14pt;\"><span style=\"font-family: Century Gothic, serif;\"><span lang=\"en-US\">\u00a0<\/span><\/span><\/span><\/p>\n<p align=\"justify\"><span style=\"font-size: 14pt;\"><span style=\"font-family: Century Gothic, serif;\">\u00a0<\/span><\/span><\/p>\n","protected":false},"excerpt":{"rendered":"<p>&nbsp; Unsere Weiterbildungsformate sind frei skalierbar nach Ihren W\u00fcnschen, den Zielsetzungen, Erwartungen, den inhaltlichen Schwerpunkten, den Zielgruppen und der zeitlichen Dauer. \u00a0 Trainings\/Workshops: Unsere klassischen Trainings umfassen kompakten, interaktiven Trainerinput, Gruppenarbeiten, kleinere Workshops, Formulierungs\u00fcbungen, Rollenspiele oder Simulationen von Gespr\u00e4chssituationen, Selbsteinsch\u00e4tzungen und Reflexionen. \u00a0 \u00a0Teamformate: Nutzen Sie die M\u00f6glichkeiten der Schwarmintelligenz Themen innerhalb eines Teams gezielt [&hellip;]<\/p>\n","protected":false},"author":1,"featured_media":0,"parent":0,"menu_order":0,"comment_status":"closed","ping_status":"closed","template":"","meta":{"footnotes":""},"class_list":["post-134","page","type-page","status-publish","hentry","entry"],"_links":{"self":[{"href":"https:\/\/www.cornelia-schlatter.de\/index.php?rest_route=\/wp\/v2\/pages\/134","targetHints":{"allow":["GET"]}}],"collection":[{"href":"https:\/\/www.cornelia-schlatter.de\/index.php?rest_route=\/wp\/v2\/pages"}],"about":[{"href":"https:\/\/www.cornelia-schlatter.de\/index.php?rest_route=\/wp\/v2\/types\/page"}],"author":[{"embeddable":true,"href":"https:\/\/www.cornelia-schlatter.de\/index.php?rest_route=\/wp\/v2\/users\/1"}],"replies":[{"embeddable":true,"href":"https:\/\/www.cornelia-schlatter.de\/index.php?rest_route=%2Fwp%2Fv2%2Fcomments&post=134"}],"version-history":[{"count":4,"href":"https:\/\/www.cornelia-schlatter.de\/index.php?rest_route=\/wp\/v2\/pages\/134\/revisions"}],"predecessor-version":[{"id":200,"href":"https:\/\/www.cornelia-schlatter.de\/index.php?rest_route=\/wp\/v2\/pages\/134\/revisions\/200"}],"wp:attachment":[{"href":"https:\/\/www.cornelia-schlatter.de\/index.php?rest_route=%2Fwp%2Fv2%2Fmedia&parent=134"}],"curies":[{"name":"wp","href":"https:\/\/api.w.org\/{rel}","templated":true}]}}