{"id":136,"date":"2025-07-27T11:47:02","date_gmt":"2025-07-27T09:47:02","guid":{"rendered":"https:\/\/www.cornelia-schlatter.de\/?page_id=136"},"modified":"2025-07-29T23:40:13","modified_gmt":"2025-07-29T21:40:13","slug":"business-excellence","status":"publish","type":"page","link":"https:\/\/www.cornelia-schlatter.de\/?page_id=136","title":{"rendered":"Business Excellence"},"content":{"rendered":"<p><img loading=\"lazy\" decoding=\"async\" class=\"alignnone size-medium wp-image-75\" src=\"https:\/\/www.cornelia-schlatter.de\/wp-content\/uploads\/2025\/07\/20784927_l-300x200.jpg\" alt=\"\" width=\"300\" height=\"200\" srcset=\"https:\/\/www.cornelia-schlatter.de\/wp-content\/uploads\/2025\/07\/20784927_l-300x200.jpg 300w, https:\/\/www.cornelia-schlatter.de\/wp-content\/uploads\/2025\/07\/20784927_l-1024x683.jpg 1024w, https:\/\/www.cornelia-schlatter.de\/wp-content\/uploads\/2025\/07\/20784927_l-768x512.jpg 768w, https:\/\/www.cornelia-schlatter.de\/wp-content\/uploads\/2025\/07\/20784927_l-1536x1024.jpg 1536w, https:\/\/www.cornelia-schlatter.de\/wp-content\/uploads\/2025\/07\/20784927_l-2048x1365.jpg 2048w\" sizes=\"auto, (max-width: 300px) 100vw, 300px\" \/><\/p>\n<p align=\"justify\"><span style=\"font-size: 14pt;\"><span style=\"font-family: Century Gothic, serif;\">\u2026 jede Zahl erz\u00e4hlt eine Geschichte \u2026 F\u00fchrungskr\u00e4fte und Mitarbeiter:innen werden immer st\u00e4rker mit internem Reporting, Kennzahlen, KPIs etc. konfrontiert. Unsere Trainingsreihe \u201eBusiness Excellence\u201c richtet sich an alle Mitarbeiter:innen, welche die betriebswirtschaftliche Seite des Arbeitslebens besser verstehen und sicherer mit Zahlenmaterial umgehen wollen. Es werden betriebswirtschaftliche Zusammenh\u00e4nge erl\u00e4utert und ein Bezugsrahmen geschaffen, der die Einordnung verschiedener Begriffe aus dem Berufsalltag erm\u00f6glicht. Mit praxisnahen Beispielen wird Ihnen eine moderne Unternehmensf\u00fchrung n\u00e4hergebracht. BWL macht Spa\u00df!\u00a0<\/span><\/span><\/p>\n<p lang=\"en-US\"><strong>\u00a0<\/strong><\/p>\n<table>\n<tbody>\n<tr>\n<td style=\"width: 40px; vertical-align: top;\"><strong> <img loading=\"lazy\" decoding=\"async\" class=\"alignnone size-full wp-image-109\" src=\"https:\/\/www.cornelia-schlatter.de\/wp-content\/uploads\/2025\/07\/Roter_Punkt.png\" alt=\"\" width=\"33\" height=\"31\" \/><\/strong><\/td>\n<td><span style=\"font-size: 14pt;\"><span style=\"font-family: Century Gothic, serif;\"><b>KPI-Workshop \u2013 unser Teamformat:<\/b><\/span><span style=\"font-family: Century Gothic, serif;\"> Definieren Sie mit uns Ihr unternehmens- oder bereichsbezogenes Kennzahlen-Cockpit. Welche Ziele wollen Sie mit dem Cockpit erreichen? Wer sind die Adressaten und welchen Fokus haben diese? Lernen Sie mit schnellem Blick zu erkennen, wie aussagekr\u00e4ftig Kennzahlen sind und was sie leisten k\u00f6nnen und was nicht.<\/span><\/span><\/td>\n<\/tr>\n<tr>\n<td><\/td>\n<td><\/td>\n<\/tr>\n<tr>\n<td style=\"width: 40px; vertical-align: top;\"><strong> <img loading=\"lazy\" decoding=\"async\" class=\"alignnone size-full wp-image-109\" src=\"https:\/\/www.cornelia-schlatter.de\/wp-content\/uploads\/2025\/07\/Roter_Punkt.png\" alt=\"\" width=\"33\" height=\"31\" \/><\/strong><\/td>\n<td>\u00a0<span style=\"font-size: 14pt;\"><span style=\"font-family: Century Gothic, serif;\"><b>BWL kompakt \u2013 Grundlagen schaffen, Zusammenh\u00e4nge verstehen:<\/b><\/span><span style=\"font-family: Century Gothic, serif;\"> Unser Kompaktseminar schafft es innerhalb kurzer Zeit, einen fokussierten Einblick in die wichtigsten Grundlagen der BWL zu geben. Relevante Fachtermini werden anschaulich erkl\u00e4rt und wesentliche Zusammenh\u00e4nge transparent und verst\u00e4ndlich erl\u00e4utert. Damit wird die Grundlage gelegt, unternehmensinterne Reporting-Systeme und KPIs besser zu verstehen.<\/span><\/span><\/td>\n<\/tr>\n<tr>\n<td><\/td>\n<td><\/td>\n<\/tr>\n<tr>\n<td style=\"width: 40px; vertical-align: top;\"><strong>\u00a0<img loading=\"lazy\" decoding=\"async\" class=\"alignnone size-full wp-image-109\" src=\"https:\/\/www.cornelia-schlatter.de\/wp-content\/uploads\/2025\/07\/Roter_Punkt.png\" alt=\"\" width=\"33\" height=\"31\" \/><\/strong><\/td>\n<td>\u00a0<span style=\"font-size: 14pt;\"><span style=\"font-family: Century Gothic, serif;\"><b>Das HR Cockpit \u2013 effektives Personalmanagement durch Kennzahlen:<\/b><\/span> <span style=\"font-family: Century Gothic, serif;\">Die passenden HR-Kennzahlen bilden die Grundlage f\u00fcr ein erfolgreiches Zusammenspiel des Personalbereichs mit dem Unternehmenscontrolling. Doch welche Aussagekraft besitzen diese Kennzahlen und wie sieht ein passendes qualitatives Reporting aus? Das Seminar bietet die Gelegenheit, das eigene betriebswirtschaftlich basierte Berichtswesen mit dem Fokus auf \u201ePersonal-Kennzahlen\u201c zu beleuchten. <\/span><\/span><\/td>\n<\/tr>\n<tr>\n<td><\/td>\n<td><\/td>\n<\/tr>\n<tr>\n<td style=\"width: 40px; vertical-align: top;\"><strong>\u00a0<img loading=\"lazy\" decoding=\"async\" class=\"alignnone size-full wp-image-109\" src=\"https:\/\/www.cornelia-schlatter.de\/wp-content\/uploads\/2025\/07\/Roter_Punkt.png\" alt=\"\" width=\"33\" height=\"31\" \/><\/strong><\/td>\n<td><span style=\"font-size: 14pt;\"><span style=\"font-family: Century Gothic, serif;\"><b>BWL-Planspiel BusinessSim \u00a9:<\/b><\/span><span style=\"font-family: Century Gothic, serif;\"> Mit unserem BWL-Planspiel BusinessSim \u00a9 gelingt es, BWL spielerisch und anschaulich zu erleben. Komplexe Zusammenh\u00e4nge werden einfach und transparent dargestellt. Durch die Umsetzung im Team werden unternehmerische Entscheidungen kontrovers diskutiert und auf ihre betriebswirtschaftlichen Folgen bewertet. <\/span><\/span><\/td>\n<\/tr>\n<tr>\n<td><\/td>\n<td><\/td>\n<\/tr>\n<tr>\n<td style=\"width: 40px; vertical-align: top;\"><strong>\u00a0<img loading=\"lazy\" decoding=\"async\" class=\"alignnone size-full wp-image-109\" src=\"https:\/\/www.cornelia-schlatter.de\/wp-content\/uploads\/2025\/07\/Roter_Punkt.png\" alt=\"\" width=\"33\" height=\"31\" \/><\/strong><\/td>\n<td><span style=\"font-size: 14pt;\"><span style=\"font-family: Century Gothic, serif;\"><b>Leading Projects: <\/b><\/span><span style=\"font-family: Century Gothic, serif;\">Dieses Format kombiniert die Vermittlung <\/span><span style=\"color: #000000;\"><span style=\"font-family: Century Gothic, serif;\">konkreter Projektmanagementtools zur Konzipierung und Umsetzung von Projekten (inhaltlich, zeitlich etc.) mit der Zielsetzung, ein erfolgreiches Projektergebnis durch ein Projektteam (\u201eMiteinander im Team\u201c) zu erreichen.<\/span><\/span><\/span><\/td>\n<\/tr>\n<\/tbody>\n<\/table>\n","protected":false},"excerpt":{"rendered":"<p>\u2026 jede Zahl erz\u00e4hlt eine Geschichte \u2026 F\u00fchrungskr\u00e4fte und Mitarbeiter:innen werden immer st\u00e4rker mit internem Reporting, Kennzahlen, KPIs etc. konfrontiert. Unsere Trainingsreihe \u201eBusiness Excellence\u201c richtet sich an alle Mitarbeiter:innen, welche die betriebswirtschaftliche Seite des Arbeitslebens besser verstehen und sicherer mit Zahlenmaterial umgehen wollen. Es werden betriebswirtschaftliche Zusammenh\u00e4nge erl\u00e4utert und ein Bezugsrahmen geschaffen, der die Einordnung [&hellip;]<\/p>\n","protected":false},"author":1,"featured_media":0,"parent":0,"menu_order":0,"comment_status":"closed","ping_status":"closed","template":"","meta":{"footnotes":""},"class_list":["post-136","page","type-page","status-publish","hentry","entry"],"_links":{"self":[{"href":"https:\/\/www.cornelia-schlatter.de\/index.php?rest_route=\/wp\/v2\/pages\/136","targetHints":{"allow":["GET"]}}],"collection":[{"href":"https:\/\/www.cornelia-schlatter.de\/index.php?rest_route=\/wp\/v2\/pages"}],"about":[{"href":"https:\/\/www.cornelia-schlatter.de\/index.php?rest_route=\/wp\/v2\/types\/page"}],"author":[{"embeddable":true,"href":"https:\/\/www.cornelia-schlatter.de\/index.php?rest_route=\/wp\/v2\/users\/1"}],"replies":[{"embeddable":true,"href":"https:\/\/www.cornelia-schlatter.de\/index.php?rest_route=%2Fwp%2Fv2%2Fcomments&post=136"}],"version-history":[{"count":4,"href":"https:\/\/www.cornelia-schlatter.de\/index.php?rest_route=\/wp\/v2\/pages\/136\/revisions"}],"predecessor-version":[{"id":177,"href":"https:\/\/www.cornelia-schlatter.de\/index.php?rest_route=\/wp\/v2\/pages\/136\/revisions\/177"}],"wp:attachment":[{"href":"https:\/\/www.cornelia-schlatter.de\/index.php?rest_route=%2Fwp%2Fv2%2Fmedia&parent=136"}],"curies":[{"name":"wp","href":"https:\/\/api.w.org\/{rel}","templated":true}]}}