{"id":142,"date":"2025-07-27T11:48:56","date_gmt":"2025-07-27T09:48:56","guid":{"rendered":"https:\/\/www.cornelia-schlatter.de\/?page_id=142"},"modified":"2025-07-29T23:52:53","modified_gmt":"2025-07-29T21:52:53","slug":"sales-excellence","status":"publish","type":"page","link":"https:\/\/www.cornelia-schlatter.de\/?page_id=142","title":{"rendered":"Sales Excellence"},"content":{"rendered":"<p><img loading=\"lazy\" decoding=\"async\" class=\"alignnone size-medium wp-image-74\" src=\"https:\/\/www.cornelia-schlatter.de\/wp-content\/uploads\/2025\/07\/20469973_l-300x200.jpg\" alt=\"\" width=\"300\" height=\"200\" srcset=\"https:\/\/www.cornelia-schlatter.de\/wp-content\/uploads\/2025\/07\/20469973_l-300x200.jpg 300w, https:\/\/www.cornelia-schlatter.de\/wp-content\/uploads\/2025\/07\/20469973_l-1024x683.jpg 1024w, https:\/\/www.cornelia-schlatter.de\/wp-content\/uploads\/2025\/07\/20469973_l-768x512.jpg 768w, https:\/\/www.cornelia-schlatter.de\/wp-content\/uploads\/2025\/07\/20469973_l-1536x1024.jpg 1536w, https:\/\/www.cornelia-schlatter.de\/wp-content\/uploads\/2025\/07\/20469973_l-2048x1365.jpg 2048w\" sizes=\"auto, (max-width: 300px) 100vw, 300px\" \/><\/p>\n<p align=\"justify\"><span style=\"font-size: 14pt;\"><span style=\"font-family: Century Gothic, serif;\">Unsere Trainingsreihe Sales Excellence gibt Ihnen zeitgem\u00e4\u00dfe Impulse, Ihre Vertriebsstrategien auf den Pr\u00fcfstand zu stellen, zu reflektieren und neue Ans\u00e4tze zu integrieren. Vertrieb ist Mannschaftssport und wird nur durch ein abgestimmtes Zusammenwirken aller Beteiligten erfolgreich sein.<\/span><span style=\"color: #000000;\"><span style=\"font-family: Century Gothic, serif;\"> Gute Produkte herzustellen, wird in Zukunft nicht mehr gen\u00fcgen. Es gilt, mit dem Kunden zusammen Zukunftsthemen zu bearbeiten, L\u00f6sungspartner zu sein, mit einem starken Kompetenzprofil zu \u00fcberzeugen. Bieten Sie Ihren Kunden einen Mehrwert und managen Sie die Beziehung zum Kunden positiv. Verstehen Sie Vertrieb als ein spannendes Spielfeld, in dem beide Seiten Gewinner sind.<\/span><\/span><\/span><\/p>\n<p>&nbsp;<\/p>\n<p><span style=\"font-family: Century Gothic, serif; font-size: 14pt;\"><b>Themen:<\/b><\/span><\/p>\n<table>\n<tbody>\n<tr>\n<td style=\"width: 40px; vertical-align: top;\"><strong>\u00a0<img loading=\"lazy\" decoding=\"async\" class=\"alignnone size-full wp-image-109\" src=\"https:\/\/www.cornelia-schlatter.de\/wp-content\/uploads\/2025\/07\/Roter_Punkt.png\" alt=\"\" width=\"33\" height=\"31\" \/><\/strong><\/td>\n<td><span style=\"font-size: 14pt;\"><span style=\"font-family: Century Gothic, serif;\"><b>Sales-Boxenstopp \u2013 unser Teamformat f\u00fcr Sales-Teams:<\/b><\/span><span style=\"font-family: Century Gothic, serif;\"> Wie denkt der Kunde des 21. Jahrhunderts? Was ist ihm wichtig? Wie m\u00fcssen wir aufgestellt sein? Wieviel Standardisierung ist gew\u00fcnscht? Wie viel Individualit\u00e4t? Wie wirkt sich die Digitalisierung auf den Vertrieb aus? Wie viel Mehrwert darf es sein oder z\u00e4hlt nur noch der Preis? Ist Vertrieb als Beziehungsmanagement \u00fcberholt? Erarbeiten Sie mit uns Optimierungspotentiale und gestalten Sie die konkrete Umsetzung. Nutzen Sie den gemeinsamen Blick auf das Thema Sales mit einem klaren gemeinsamen Mindset.<\/span><\/span><\/td>\n<\/tr>\n<tr>\n<td><\/td>\n<td><\/td>\n<\/tr>\n<tr>\n<td style=\"width: 40px; vertical-align: top;\"><strong> <img loading=\"lazy\" decoding=\"async\" class=\"alignnone size-full wp-image-109\" src=\"https:\/\/www.cornelia-schlatter.de\/wp-content\/uploads\/2025\/07\/Roter_Punkt.png\" alt=\"\" width=\"33\" height=\"31\" \/><\/strong><\/td>\n<td>\u00a0<span style=\"font-size: 14pt;\"><span style=\"font-family: Century Gothic, serif;\"><b>Team Selling \u2013 Vertrieb als Mannschaftssport: <\/b><\/span><span style=\"font-family: Century Gothic, serif;\">Definieren Sie die relevanten Stakeholder und Entscheidungsbeeinflusser im B-to-B-Vertrieb und steuern Sie aktiv den Verkaufsprozess.<\/span><\/span><\/td>\n<\/tr>\n<tr>\n<td><\/td>\n<td><\/td>\n<\/tr>\n<tr>\n<td style=\"width: 40px; vertical-align: top;\"><strong> <img loading=\"lazy\" decoding=\"async\" class=\"alignnone size-full wp-image-109\" src=\"https:\/\/www.cornelia-schlatter.de\/wp-content\/uploads\/2025\/07\/Roter_Punkt.png\" alt=\"\" width=\"33\" height=\"31\" \/><\/strong><\/td>\n<td><span style=\"font-size: 14pt;\"><span style=\"font-family: Century Gothic, serif;\"><b>Sales kompakt \u2013 das Basistraining f\u00fcr Vertriebsmitarbeiter: <\/b><\/span><span style=\"font-family: Century Gothic, serif;\">Hier werden die Grundlagen eines zielgerichteten und effektiven Vertriebs gelegt, von der eigenen Vertriebssteuerung, dem Erreichen unterschiedlicher Kundentypen, dem Aufbereiten interessanter user und success stories und dem sicheren Abschluss.<\/span><\/span><\/td>\n<\/tr>\n<tr>\n<td><\/td>\n<td><\/td>\n<\/tr>\n<tr>\n<td style=\"width: 40px; vertical-align: top;\"><strong> <img loading=\"lazy\" decoding=\"async\" class=\"alignnone size-full wp-image-109\" src=\"https:\/\/www.cornelia-schlatter.de\/wp-content\/uploads\/2025\/07\/Roter_Punkt.png\" alt=\"\" width=\"33\" height=\"31\" \/><\/strong><\/td>\n<td><span style=\"font-size: 14pt;\"><span style=\"font-family: Century Gothic, serif;\"><b>Erfolgreiche Telefonakquisition \u2013<\/b><\/span> <span style=\"font-family: Century Gothic, serif;\"><b>sicher und motiviert am Telefon \u00fcberzeugen:<\/b><\/span><span style=\"font-family: Century Gothic, serif;\"> Gerade am Telefon ist es wichtig, in Sekunden Interesse beim Gegen\u00fcber zu wecken, schnell und auf den Punkt den Mehrwert f\u00fcr den Kunden zu platzieren und geschickt Einw\u00e4nde auszuhebeln. In den Schulungen wird praxisnaher Input gekoppelt mit dem Arbeiten an Live-Situationen.<\/span><\/span><\/td>\n<\/tr>\n<tr>\n<td><\/td>\n<td><\/td>\n<\/tr>\n<tr>\n<td style=\"width: 40px; vertical-align: top;\"><strong> <img loading=\"lazy\" decoding=\"async\" class=\"alignnone size-full wp-image-109\" src=\"https:\/\/www.cornelia-schlatter.de\/wp-content\/uploads\/2025\/07\/Roter_Punkt.png\" alt=\"\" width=\"33\" height=\"31\" \/><\/strong><\/td>\n<td><span style=\"font-size: 14pt;\"><span style=\"font-family: Century Gothic, serif;\"><b>Erfolgreiche Telefonakquisition \u2013<\/b><\/span> <span style=\"font-family: Century Gothic, serif;\"><b>sicher und motiviert am Telefon \u00fcberzeugen:<\/b><\/span><span style=\"font-family: Century Gothic, serif;\"> Gerade am Telefon ist es wichtig, in Sekunden Interesse beim Gegen\u00fcber zu wecken, schnell und auf den Punkt den Mehrwert f\u00fcr den Kunden zu platzieren und geschickt Einw\u00e4nde auszuhebeln. In den Schulungen wird praxisnaher Input gekoppelt mit dem Arbeiten an Live-Situationen.<\/span><\/span><\/td>\n<\/tr>\n<tr>\n<td><\/td>\n<td><\/td>\n<\/tr>\n<tr>\n<td style=\"width: 40px; vertical-align: top;\"><strong> <img loading=\"lazy\" decoding=\"async\" class=\"alignnone size-full wp-image-109\" src=\"https:\/\/www.cornelia-schlatter.de\/wp-content\/uploads\/2025\/07\/Roter_Punkt.png\" alt=\"\" width=\"33\" height=\"31\" \/><\/strong><\/td>\n<td><span style=\"font-size: 14pt;\"><span style=\"font-family: Century Gothic, serif;\"><b>Erfolgreiche Messekommunikation: <\/b><\/span><span style=\"font-family: Century Gothic, serif;\">Nutzen Sie dieses Training als Vorbereitung f\u00fcr einen professionellen Messeauftritt und einer gezielten Messenachbereitung. Wir trainieren eine zeitgem\u00e4\u00dfe Messeansprache, die am Kundennutzen orientierte Vermittlung von Informationen in extrem kurzer Zeit und thematisieren die Dos und Donts beim Messeauftritt. <\/span><\/span><\/td>\n<\/tr>\n<\/tbody>\n<\/table>\n","protected":false},"excerpt":{"rendered":"<p>Unsere Trainingsreihe Sales Excellence gibt Ihnen zeitgem\u00e4\u00dfe Impulse, Ihre Vertriebsstrategien auf den Pr\u00fcfstand zu stellen, zu reflektieren und neue Ans\u00e4tze zu integrieren. Vertrieb ist Mannschaftssport und wird nur durch ein abgestimmtes Zusammenwirken aller Beteiligten erfolgreich sein. Gute Produkte herzustellen, wird in Zukunft nicht mehr gen\u00fcgen. Es gilt, mit dem Kunden zusammen Zukunftsthemen zu bearbeiten, L\u00f6sungspartner [&hellip;]<\/p>\n","protected":false},"author":1,"featured_media":0,"parent":0,"menu_order":0,"comment_status":"closed","ping_status":"closed","template":"","meta":{"footnotes":""},"class_list":["post-142","page","type-page","status-publish","hentry","entry"],"_links":{"self":[{"href":"https:\/\/www.cornelia-schlatter.de\/index.php?rest_route=\/wp\/v2\/pages\/142","targetHints":{"allow":["GET"]}}],"collection":[{"href":"https:\/\/www.cornelia-schlatter.de\/index.php?rest_route=\/wp\/v2\/pages"}],"about":[{"href":"https:\/\/www.cornelia-schlatter.de\/index.php?rest_route=\/wp\/v2\/types\/page"}],"author":[{"embeddable":true,"href":"https:\/\/www.cornelia-schlatter.de\/index.php?rest_route=\/wp\/v2\/users\/1"}],"replies":[{"embeddable":true,"href":"https:\/\/www.cornelia-schlatter.de\/index.php?rest_route=%2Fwp%2Fv2%2Fcomments&post=142"}],"version-history":[{"count":3,"href":"https:\/\/www.cornelia-schlatter.de\/index.php?rest_route=\/wp\/v2\/pages\/142\/revisions"}],"predecessor-version":[{"id":188,"href":"https:\/\/www.cornelia-schlatter.de\/index.php?rest_route=\/wp\/v2\/pages\/142\/revisions\/188"}],"wp:attachment":[{"href":"https:\/\/www.cornelia-schlatter.de\/index.php?rest_route=%2Fwp%2Fv2%2Fmedia&parent=142"}],"curies":[{"name":"wp","href":"https:\/\/api.w.org\/{rel}","templated":true}]}}