{"id":144,"date":"2025-07-27T11:49:39","date_gmt":"2025-07-27T09:49:39","guid":{"rendered":"https:\/\/www.cornelia-schlatter.de\/?page_id=144"},"modified":"2025-07-29T23:44:32","modified_gmt":"2025-07-29T21:44:32","slug":"ihre-vorteile","status":"publish","type":"page","link":"https:\/\/www.cornelia-schlatter.de\/?page_id=144","title":{"rendered":"Ihre Vorteile"},"content":{"rendered":"<p><span style=\"font-size: 14pt; font-family: 'Century Gothic', CenturyGothic, Geneva, AppleGothic, sans-serif; line-height: 150%;\">\u00a0<span style=\"font-size: 14pt; font-family: 'Century Gothic', CenturyGothic, Geneva, AppleGothic, sans-serif;\"><img loading=\"lazy\" decoding=\"async\" class=\"alignnone size-medium wp-image-68\" src=\"https:\/\/www.cornelia-schlatter.de\/wp-content\/uploads\/2025\/07\/9639652_l-300x200.jpg\" alt=\"\" width=\"300\" height=\"200\" srcset=\"https:\/\/www.cornelia-schlatter.de\/wp-content\/uploads\/2025\/07\/9639652_l-300x200.jpg 300w, https:\/\/www.cornelia-schlatter.de\/wp-content\/uploads\/2025\/07\/9639652_l-1024x683.jpg 1024w, https:\/\/www.cornelia-schlatter.de\/wp-content\/uploads\/2025\/07\/9639652_l-768x512.jpg 768w, https:\/\/www.cornelia-schlatter.de\/wp-content\/uploads\/2025\/07\/9639652_l-1536x1024.jpg 1536w, https:\/\/www.cornelia-schlatter.de\/wp-content\/uploads\/2025\/07\/9639652_l-2048x1365.jpg 2048w\" sizes=\"auto, (max-width: 300px) 100vw, 300px\" \/><\/span><\/span><\/p>\n<p>&nbsp;<\/p>\n<table style=\"height: 73px; width: 879px;\">\n<tbody>\n<tr>\n<td style=\"width: 40px;\"><img loading=\"lazy\" decoding=\"async\" class=\"alignnone size-full wp-image-109\" src=\"https:\/\/www.cornelia-schlatter.de\/wp-content\/uploads\/2025\/07\/Roter_Punkt.png\" alt=\"\" width=\"33\" height=\"31\" \/><\/td>\n<td><strong><span style=\"font-size: 14pt; font-family: 'Century Gothic', CenturyGothic, Geneva, AppleGothic, sans-serif;\">\u00a0<span style=\"line-height: normal; text-indent: -23.799999237060547px;\">Wir leben \u201ebegeistern \u2026 bewegen \u2026 Nachhaltigkeit!!\u201c<\/span><\/span><\/strong><\/td>\n<\/tr>\n<tr>\n<td><\/td>\n<td><\/td>\n<\/tr>\n<tr>\n<td><\/td>\n<td><span style=\"font-size: 14pt; font-family: 'Century Gothic', CenturyGothic, Geneva, AppleGothic, sans-serif;\">\u00a0Erleben Sie uns, wir freuen uns auf Sie.<\/span><\/td>\n<\/tr>\n<tr>\n<td><\/td>\n<td><\/td>\n<\/tr>\n<tr>\n<td><img loading=\"lazy\" decoding=\"async\" class=\"alignnone size-full wp-image-109\" src=\"https:\/\/www.cornelia-schlatter.de\/wp-content\/uploads\/2025\/07\/Roter_Punkt.png\" alt=\"\" width=\"33\" height=\"31\" \/><\/td>\n<td><strong><span style=\"font-size: 14pt; font-family: 'Century Gothic', CenturyGothic, Geneva, AppleGothic, sans-serif;\">Wir sind pragmatisch und praxisnah!<\/span><\/strong><\/td>\n<\/tr>\n<tr>\n<td><\/td>\n<td><\/td>\n<\/tr>\n<tr>\n<td><\/td>\n<td style=\"text-align: justify;\"><span style=\"font-size: 14pt; font-family: 'Century Gothic', CenturyGothic, Geneva, AppleGothic, sans-serif; line-height: 150%;\">Die Trainings leben durch eine hohe Praxisorientierung. Dies wird erm\u00f6glicht durch Trainer, die eine langj\u00e4hrige Berufserfahrung in verschiedenen Themen, Positionen, Projekten und Branchen mitbringen. Aus der Praxis f\u00fcr die Praxis. Die theoretischen Hintergr\u00fcnde zu Trainingsthemen sind uns ebenfalls wichtig und werden interessant und abwechslungsreich integriert und in ein angemessenes Verh\u00e4ltnis zur strikten Umsetzungsorientierung gebracht.<\/span><\/td>\n<\/tr>\n<tr>\n<td><\/td>\n<td><\/td>\n<\/tr>\n<tr>\n<td><img loading=\"lazy\" decoding=\"async\" class=\"alignnone size-full wp-image-109\" src=\"https:\/\/www.cornelia-schlatter.de\/wp-content\/uploads\/2025\/07\/Roter_Punkt.png\" alt=\"\" width=\"33\" height=\"31\" \/><\/td>\n<td><strong><span style=\"font-size: 14pt; font-family: 'Century Gothic', CenturyGothic, Geneva, AppleGothic, sans-serif; line-height: 150%;\">Wir arbeiten unternehmensindividuell und zielgruppenorientiert!<\/span><\/strong><\/td>\n<\/tr>\n<tr>\n<td><\/td>\n<td><\/td>\n<\/tr>\n<tr>\n<td><\/td>\n<td style=\"text-align: justify;\"><span style=\"font-size: 14pt; font-family: 'Century Gothic', CenturyGothic, Geneva, AppleGothic, sans-serif; line-height: 150%;\">Neben smarten und ansprechenden Standardl\u00f6sungen f\u00fcr Schulungen liegt unser Fokus auf dem Anbieten unternehmensindividueller und zielgruppenspezifischer Trainings, Workshops und Coachings. Spezielle Anforderungen an die Mitarbeiter sowie Rahmenbedingungen der Unternehmen werden damit eingehend ber\u00fccksichtigt.<\/span><\/td>\n<\/tr>\n<\/tbody>\n<\/table>\n<p style=\"text-align: justify;\">\n","protected":false},"excerpt":{"rendered":"<p>\u00a0 &nbsp; \u00a0Wir leben \u201ebegeistern \u2026 bewegen \u2026 Nachhaltigkeit!!\u201c \u00a0Erleben Sie uns, wir freuen uns auf Sie. Wir sind pragmatisch und praxisnah! Die Trainings leben durch eine hohe Praxisorientierung. Dies wird erm\u00f6glicht durch Trainer, die eine langj\u00e4hrige Berufserfahrung in verschiedenen Themen, Positionen, Projekten und Branchen mitbringen. Aus der Praxis f\u00fcr die Praxis. Die theoretischen Hintergr\u00fcnde [&hellip;]<\/p>\n","protected":false},"author":1,"featured_media":0,"parent":0,"menu_order":0,"comment_status":"closed","ping_status":"closed","template":"","meta":{"footnotes":""},"class_list":["post-144","page","type-page","status-publish","hentry","entry"],"_links":{"self":[{"href":"https:\/\/www.cornelia-schlatter.de\/index.php?rest_route=\/wp\/v2\/pages\/144","targetHints":{"allow":["GET"]}}],"collection":[{"href":"https:\/\/www.cornelia-schlatter.de\/index.php?rest_route=\/wp\/v2\/pages"}],"about":[{"href":"https:\/\/www.cornelia-schlatter.de\/index.php?rest_route=\/wp\/v2\/types\/page"}],"author":[{"embeddable":true,"href":"https:\/\/www.cornelia-schlatter.de\/index.php?rest_route=\/wp\/v2\/users\/1"}],"replies":[{"embeddable":true,"href":"https:\/\/www.cornelia-schlatter.de\/index.php?rest_route=%2Fwp%2Fv2%2Fcomments&post=144"}],"version-history":[{"count":4,"href":"https:\/\/www.cornelia-schlatter.de\/index.php?rest_route=\/wp\/v2\/pages\/144\/revisions"}],"predecessor-version":[{"id":183,"href":"https:\/\/www.cornelia-schlatter.de\/index.php?rest_route=\/wp\/v2\/pages\/144\/revisions\/183"}],"wp:attachment":[{"href":"https:\/\/www.cornelia-schlatter.de\/index.php?rest_route=%2Fwp%2Fv2%2Fmedia&parent=144"}],"curies":[{"name":"wp","href":"https:\/\/api.w.org\/{rel}","templated":true}]}}