{"id":146,"date":"2025-07-27T11:50:05","date_gmt":"2025-07-27T09:50:05","guid":{"rendered":"https:\/\/www.cornelia-schlatter.de\/?page_id=146"},"modified":"2025-07-27T11:50:05","modified_gmt":"2025-07-27T09:50:05","slug":"daten-fakten","status":"publish","type":"page","link":"https:\/\/www.cornelia-schlatter.de\/?page_id=146","title":{"rendered":"Daten &#038; Fakten"},"content":{"rendered":"<p><strong>&nbsp;<img loading=\"lazy\" decoding=\"async\" src=\"images\/Bilder\/8267351_l.jpg\" alt=\"8267351 l\" width=\"252\" height=\"189\" \/>&nbsp;<img loading=\"lazy\" decoding=\"async\" src=\"images\/Bilder\/9027793_l.jpg\" alt=\"9027793 l\" width=\"189\" height=\"189\" \/><\/strong><\/p>\n<p>&nbsp;<\/p>\n<table style=\"height: 73px; width: 890px;\">\n<tbody>\n<tr style=\"height: 50px;\" valign=\"top\">\n<td style=\"width: 20px;\" valign=\"top\"><strong>&nbsp;<img loading=\"lazy\" decoding=\"async\" style=\"margin-top: 7px;\" src=\"images\/Bilder\/Roter_Punkt.png\" alt=\"Roter Punkt\" width=\"17\" height=\"16\" \/><\/strong><\/td>\n<td style=\"width: 40px;\" valign=\"top\">\n<p><span style=\"font-family: 'Century Gothic', CenturyGothic, Geneva, AppleGothic, sans-serif; font-size: 14pt; line-height: 150%;\">1997: Gr\u00fcndung SCHLATTER \u2013 Training und Beratung\/Dr. Cornelia Schlatter<\/span><\/p>\n<\/td>\n<\/tr>\n<tr style=\"height: 10px;\">\n<td style=\"width: 40px;\" valign=\"middle\">&nbsp;<\/td>\n<td>&nbsp;<\/td>\n<\/tr>\n<tr style=\"height: 10px;\">\n<td style=\"width: 20px;\" valign=\"top\"><strong>&nbsp;<img loading=\"lazy\" decoding=\"async\" style=\"margin-top: 7px;\" src=\"images\/Bilder\/Roter_Punkt.png\" alt=\"Roter Punkt\" width=\"17\" height=\"16\" \/><\/strong><\/td>\n<td style=\"width: 40px;\" valign=\"top\">\n<p><span style=\"font-family: 'Century Gothic', CenturyGothic, Geneva, AppleGothic, sans-serif; font-size: 14pt; line-height: 150%;\">www.cornelia-schlatter.de<br \/><\/span><\/p>\n<\/td>\n<\/tr>\n<tr style=\"height: 10px;\">\n<td style=\"width: 40px;\" valign=\"middle\">&nbsp;<\/td>\n<td>&nbsp;<\/td>\n<\/tr>\n<tr style=\"height: 50px;\" valign=\"top\">\n<td style=\"width: 20px;\" valign=\"top\"><strong>&nbsp;<img loading=\"lazy\" decoding=\"async\" style=\"font-family: Verdana, Arial, Helvetica, sans-serif; font-size: 11px; line-height: normal; margin-top: 7px;\" src=\"images\/Bilder\/Roter_Punkt.png\" alt=\"Roter Punkt\" width=\"17\" height=\"16\" \/><\/strong><\/td>\n<td>\n<p><span style=\"font-family: 'Century Gothic', CenturyGothic, Geneva, AppleGothic, sans-serif; font-size: 14pt; line-height: 150%;\">SCHLATTER \u2013 Training und Beratung ist <strong>Ihr Spezialist f\u00fcr qualit\u00e4tsbewusste und nachhaltige Qualifizierungsma\u00dfnahmen<\/strong> in den Bereichen Vertrieb, F\u00fchrung und betriebswirtschaftliche Kompetenz. Gemeinsam mit unseren Kunden entwickeln wir ma\u00dfgeschneiderte, auf die individuellen Bed\u00fcrfnisse und Anforderungen angepasste Ma\u00dfnahmen. Wir verstehen uns als <strong>langj\u00e4hriger und strategischer Partner unserer Kunden<\/strong>.<\/span><\/p>\n<\/td>\n<\/tr>\n<tr style=\"height: 10px;\">\n<td style=\"width: 20px;\" valign=\"middle\">&nbsp;<\/td>\n<td>&nbsp;<\/td>\n<\/tr>\n<tr style=\"height: 30px;\" valign=\"top\">\n<td style=\"width: 20px;\" valign=\"top\"><strong>&nbsp;<img loading=\"lazy\" decoding=\"async\" style=\"font-family: Verdana, Arial, Helvetica, sans-serif; font-size: 11px; line-height: normal; margin-top: 7px;\" src=\"images\/Bilder\/Roter_Punkt.png\" alt=\"Roter Punkt\" width=\"17\" height=\"16\" \/><\/strong><\/td>\n<td>\n<p><span style=\"font-family: 'Century Gothic', CenturyGothic, Geneva, AppleGothic, sans-serif; font-size: 14pt; line-height: 150%;\">Hinter SCHLATTER stehen Trainer, Berater, Coachs, die \u00fcber eine breite Branchenkenntnis sowie \u00fcber eine langj\u00e4hrige Berufs- und Trainererfahrung verf\u00fcgen.<\/span><\/p>\n<\/td>\n<\/tr>\n<\/tbody>\n<\/table>\n<p>&nbsp;<\/p>\n<p>&nbsp;<\/p>\n<p>&nbsp;<\/p>\n","protected":false},"excerpt":{"rendered":"<p>&nbsp;&nbsp; &nbsp; &nbsp; 1997: Gr\u00fcndung SCHLATTER \u2013 Training und Beratung\/Dr. Cornelia Schlatter &nbsp; &nbsp; &nbsp; www.cornelia-schlatter.de &nbsp; &nbsp; &nbsp; SCHLATTER \u2013 Training und Beratung ist Ihr Spezialist f\u00fcr qualit\u00e4tsbewusste und nachhaltige Qualifizierungsma\u00dfnahmen in den Bereichen Vertrieb, F\u00fchrung und betriebswirtschaftliche Kompetenz. Gemeinsam mit unseren Kunden entwickeln wir ma\u00dfgeschneiderte, auf die individuellen Bed\u00fcrfnisse und Anforderungen angepasste Ma\u00dfnahmen. [&hellip;]<\/p>\n","protected":false},"author":1,"featured_media":0,"parent":0,"menu_order":0,"comment_status":"closed","ping_status":"closed","template":"","meta":{"footnotes":""},"class_list":["post-146","page","type-page","status-publish","hentry","entry"],"_links":{"self":[{"href":"https:\/\/www.cornelia-schlatter.de\/index.php?rest_route=\/wp\/v2\/pages\/146","targetHints":{"allow":["GET"]}}],"collection":[{"href":"https:\/\/www.cornelia-schlatter.de\/index.php?rest_route=\/wp\/v2\/pages"}],"about":[{"href":"https:\/\/www.cornelia-schlatter.de\/index.php?rest_route=\/wp\/v2\/types\/page"}],"author":[{"embeddable":true,"href":"https:\/\/www.cornelia-schlatter.de\/index.php?rest_route=\/wp\/v2\/users\/1"}],"replies":[{"embeddable":true,"href":"https:\/\/www.cornelia-schlatter.de\/index.php?rest_route=%2Fwp%2Fv2%2Fcomments&post=146"}],"version-history":[{"count":1,"href":"https:\/\/www.cornelia-schlatter.de\/index.php?rest_route=\/wp\/v2\/pages\/146\/revisions"}],"predecessor-version":[{"id":147,"href":"https:\/\/www.cornelia-schlatter.de\/index.php?rest_route=\/wp\/v2\/pages\/146\/revisions\/147"}],"wp:attachment":[{"href":"https:\/\/www.cornelia-schlatter.de\/index.php?rest_route=%2Fwp%2Fv2%2Fmedia&parent=146"}],"curies":[{"name":"wp","href":"https:\/\/api.w.org\/{rel}","templated":true}]}}