{"id":150,"date":"2025-07-27T11:50:48","date_gmt":"2025-07-27T09:50:48","guid":{"rendered":"https:\/\/www.cornelia-schlatter.de\/?page_id=150"},"modified":"2025-07-29T22:30:01","modified_gmt":"2025-07-29T20:30:01","slug":"business-coaching","status":"publish","type":"page","link":"https:\/\/www.cornelia-schlatter.de\/?page_id=150","title":{"rendered":"Business Coaching"},"content":{"rendered":"<p><strong><span style=\"font-size: 18pt; font-family: 'Century Gothic', CenturyGothic, Geneva, AppleGothic, sans-serif;\">Zielgruppen:<\/span><\/strong><\/p>\n<p><span style=\"font-size: 14pt; font-family: 'Century Gothic', CenturyGothic, Geneva, AppleGothic, sans-serif;\">E<\/span><span style=\"font-size: 14pt; font-family: 'Century Gothic', CenturyGothic, Geneva, AppleGothic, sans-serif;\">inzel<\/span><span style=\"font-size: 14pt; font-family: 'Century Gothic', CenturyGothic, Geneva, AppleGothic, sans-serif;\">personen (Mitarbeiter:innen, F\u00fchrungskr\u00e4fte), Teams<\/span><\/p>\n<p><img loading=\"lazy\" decoding=\"async\" class=\"wp-image-73 size-medium alignleft\" src=\"https:\/\/www.cornelia-schlatter.de\/wp-content\/uploads\/2025\/07\/19339040_l-300x199.jpg\" alt=\"\" width=\"300\" height=\"199\" srcset=\"https:\/\/www.cornelia-schlatter.de\/wp-content\/uploads\/2025\/07\/19339040_l-300x199.jpg 300w, https:\/\/www.cornelia-schlatter.de\/wp-content\/uploads\/2025\/07\/19339040_l-1024x680.jpg 1024w, https:\/\/www.cornelia-schlatter.de\/wp-content\/uploads\/2025\/07\/19339040_l-768x510.jpg 768w, https:\/\/www.cornelia-schlatter.de\/wp-content\/uploads\/2025\/07\/19339040_l-1536x1020.jpg 1536w, https:\/\/www.cornelia-schlatter.de\/wp-content\/uploads\/2025\/07\/19339040_l-2048x1360.jpg 2048w\" sizes=\"auto, (max-width: 300px) 100vw, 300px\" \/><img loading=\"lazy\" decoding=\"async\" class=\"wp-image-66 alignleft\" src=\"https:\/\/www.cornelia-schlatter.de\/wp-content\/uploads\/2025\/07\/9027793_l-300x300.jpg\" alt=\"\" width=\"199\" height=\"199\" srcset=\"https:\/\/www.cornelia-schlatter.de\/wp-content\/uploads\/2025\/07\/9027793_l-300x300.jpg 300w, https:\/\/www.cornelia-schlatter.de\/wp-content\/uploads\/2025\/07\/9027793_l-1024x1024.jpg 1024w, https:\/\/www.cornelia-schlatter.de\/wp-content\/uploads\/2025\/07\/9027793_l-150x150.jpg 150w, https:\/\/www.cornelia-schlatter.de\/wp-content\/uploads\/2025\/07\/9027793_l-768x768.jpg 768w, https:\/\/www.cornelia-schlatter.de\/wp-content\/uploads\/2025\/07\/9027793_l-1536x1536.jpg 1536w, https:\/\/www.cornelia-schlatter.de\/wp-content\/uploads\/2025\/07\/9027793_l-600x600.jpg 600w, https:\/\/www.cornelia-schlatter.de\/wp-content\/uploads\/2025\/07\/9027793_l.jpg 2048w\" sizes=\"auto, (max-width: 199px) 100vw, 199px\" \/><\/p>\n<table>\n<tbody>\n<tr valign=\"top\">\n<td valign=\"top\"><\/td>\n<td><\/td>\n<\/tr>\n<\/tbody>\n<\/table>\n<p><strong><span style=\"font-size: 18pt; font-family: 'Century Gothic', CenturyGothic, Geneva, AppleGothic, sans-serif;\">Anl\u00e4sse f\u00fcr Coaching-Ma\u00dfnahmen:<\/span><\/strong><\/p>\n<table style=\"height: 73px; width: 891px;\">\n<tbody>\n<tr style=\"height: 65px;\" valign=\"top\">\n<td style=\"width: 40px;\" valign=\"top\"><img loading=\"lazy\" decoding=\"async\" class=\"alignnone size-full wp-image-109\" src=\"https:\/\/www.cornelia-schlatter.de\/wp-content\/uploads\/2025\/07\/Roter_Punkt.png\" alt=\"\" width=\"33\" height=\"31\" \/><\/td>\n<td><span style=\"font-family: 'Century Gothic', CenturyGothic, Geneva, AppleGothic, sans-serif; font-size: 14pt; text-indent: 200%; line-height: 150%;\">Potential-Diagnostik: Erarbeitung eines pers\u00f6nlichen St\u00e4rken-Schw\u00e4chen-Profils und intensive Auseinandersetzung mit der eigenen Pers\u00f6nlichkeit und den Wechselwirkungen auf andere Personen<\/span><\/td>\n<\/tr>\n<tr style=\"height: 10px;\">\n<td style=\"height: 10px;\"><\/td>\n<td style=\"height: 10px;\"><\/td>\n<\/tr>\n<tr style=\"height: 65px;\" valign=\"top\">\n<td style=\"width: 40px;\" valign=\"top\"><img loading=\"lazy\" decoding=\"async\" class=\"alignnone size-full wp-image-109\" src=\"https:\/\/www.cornelia-schlatter.de\/wp-content\/uploads\/2025\/07\/Roter_Punkt.png\" alt=\"\" width=\"33\" height=\"31\" \/><\/td>\n<td><span style=\"font-family: 'Century Gothic', CenturyGothic, Geneva, AppleGothic, sans-serif; font-size: 14pt; text-indent: 120%; line-height: 150%;\">Berufliche Ver\u00e4nderungsprozesse (u. a. Aufgaben- und Positionswechsel; vom Kollegen zur F\u00fchrungskraft): intensive Auseinandersetzung mit der neuen Rolle und den damit verbundenen Erwartungen<\/span><\/td>\n<\/tr>\n<tr style=\"height: 10px;\">\n<td style=\"width: 40px;\" valign=\"middle\"><\/td>\n<td><\/td>\n<\/tr>\n<tr style=\"height: 50px;\" valign=\"top\">\n<td style=\"width: 40px;\" valign=\"top\"><img loading=\"lazy\" decoding=\"async\" class=\"alignnone size-full wp-image-109\" src=\"https:\/\/www.cornelia-schlatter.de\/wp-content\/uploads\/2025\/07\/Roter_Punkt.png\" alt=\"\" width=\"33\" height=\"31\" \/><\/td>\n<td><span style=\"font-family: 'Century Gothic', CenturyGothic, Geneva, AppleGothic, sans-serif; font-size: 14pt; line-height: 150%;\">Hilfestellungen und L\u00f6sungen f\u00fcr berufliche Herausforderungen (u. a. Konfliktmanagement, F\u00fchrungsthemen)<\/span><\/td>\n<\/tr>\n<tr style=\"height: 10px;\">\n<td style=\"width: 40px;\" valign=\"middle\"><\/td>\n<td><\/td>\n<\/tr>\n<tr style=\"height: 30px;\" valign=\"top\">\n<td style=\"width: 40px;\" valign=\"middle\"><img loading=\"lazy\" decoding=\"async\" class=\"alignnone size-full wp-image-109\" src=\"https:\/\/www.cornelia-schlatter.de\/wp-content\/uploads\/2025\/07\/Roter_Punkt.png\" alt=\"\" width=\"33\" height=\"31\" \/><\/td>\n<td><span style=\"font-family: 'Century Gothic', CenturyGothic, Geneva, AppleGothic, sans-serif; font-size: 14pt; line-height: 150%;\">Professionalisierung pers\u00f6nlicher Kommunikations- und Pr\u00e4sentationsf\u00e4higkeiten<\/span><\/td>\n<\/tr>\n<tr style=\"height: 10px;\">\n<td style=\"width: 40px;\" valign=\"middle\"><\/td>\n<td><\/td>\n<\/tr>\n<tr style=\"height: 30px;\" valign=\"top\">\n<td style=\"width: 40px;\" valign=\"middle\"><img loading=\"lazy\" decoding=\"async\" class=\"alignnone size-full wp-image-109\" src=\"https:\/\/www.cornelia-schlatter.de\/wp-content\/uploads\/2025\/07\/Roter_Punkt.png\" alt=\"\" width=\"33\" height=\"31\" \/><\/td>\n<td><span style=\"font-family: 'Century Gothic', CenturyGothic, Geneva, AppleGothic, sans-serif; font-size: 14pt; line-height: 150%;\">Umgang mit Leistungsdruck, Stressmanagement und Work-Life-Balance<\/span><\/td>\n<\/tr>\n<tr style=\"height: 10px;\">\n<td style=\"width: 40px;\" valign=\"middle\"><\/td>\n<td><\/td>\n<\/tr>\n<tr style=\"height: 30px;\" valign=\"top\">\n<td style=\"width: 40px;\" valign=\"middle\"><img loading=\"lazy\" decoding=\"async\" class=\"alignnone size-full wp-image-109\" src=\"https:\/\/www.cornelia-schlatter.de\/wp-content\/uploads\/2025\/07\/Roter_Punkt.png\" alt=\"\" width=\"33\" height=\"31\" \/><\/td>\n<td><span style=\"font-family: 'Century Gothic', CenturyGothic, Geneva, AppleGothic, sans-serif; font-size: 14pt; line-height: 150%;\">Gestaltung von Change-Prozessen im Team<\/span><\/td>\n<\/tr>\n<tr style=\"height: 10px;\">\n<td style=\"width: 40px;\" valign=\"middle\"><\/td>\n<td><\/td>\n<\/tr>\n<tr style=\"height: 50px;\" valign=\"top\">\n<td style=\"width: 40px;\" valign=\"top\"><img loading=\"lazy\" decoding=\"async\" class=\"alignnone size-full wp-image-109\" src=\"https:\/\/www.cornelia-schlatter.de\/wp-content\/uploads\/2025\/07\/Roter_Punkt.png\" alt=\"\" width=\"33\" height=\"31\" \/><\/td>\n<td><span style=\"font-family: 'Century Gothic', CenturyGothic, Geneva, AppleGothic, sans-serif; font-size: 14pt; line-height: 150%;\">Reflexion und Neuausrichtung nach unternehmensinternen Feedback-Ma\u00dfnahmen (360-Grad-Feedback, Vorgesetztenbeurteilung)<\/span><\/td>\n<\/tr>\n<\/tbody>\n<\/table>\n<p>&nbsp;<\/p>\n<p><strong><span style=\"font-size: 18pt; font-family: 'Century Gothic', CenturyGothic, Geneva, AppleGothic, sans-serif;\">Unser Ansatz und unsere Vorgehensweise:<\/span><\/strong><\/p>\n<table style=\"height: 70px; width: 894px;\">\n<tbody>\n<tr style=\"height: 65px;\" valign=\"top\">\n<td style=\"width: 40px;\" valign=\"top\">\u00a0<span style=\"font-family: 'Century Gothic', CenturyGothic, Geneva, AppleGothic, sans-serif; font-size: 19.09090805053711px; line-height: 150%;\">1.<br \/>\n<\/span><\/td>\n<td><span style=\"font-family: 'Century Gothic', CenturyGothic, Geneva, AppleGothic, sans-serif; font-size: 19.09090805053711px;\">Kl\u00e4rungsgespr\u00e4ch und Bestandsaufname: Vorgespr\u00e4ch mit Coachee, ggf. auch mit weiteren, ihm beruflich nahe stehenden Personen (Ziele, Inhalte des Coachings, flankierende Ma\u00dfnahmen, Zeitraum)<\/span><\/td>\n<\/tr>\n<tr style=\"height: 10px;\">\n<td style=\"width: 40px;\" valign=\"top\"><\/td>\n<td><\/td>\n<\/tr>\n<tr style=\"height: 80px;\" valign=\"top\">\n<td style=\"width: 40px;\" valign=\"top\">\u00a0<span style=\"font-family: 'Century Gothic', CenturyGothic, Geneva, AppleGothic, sans-serif; font-size: 19.09090805053711px; line-height: 150%;\">2.<\/span><\/td>\n<td><span style=\"font-family: 'Century Gothic', CenturyGothic, Geneva, AppleGothic, sans-serif; font-size: 19.09090805053711px;\">Modularer Coaching-Aufbau: Zur Erh\u00f6hung der Professionalit\u00e4t des Coachee sind ca. vier aufeinander folgende Module \u2013 im Sinne eines Intervallcoachings \u2013 vorgesehen. Dadurch wird sichergestellt, dass sich einerseits ein rascher Initialerfolg einstellt und andererseits der Trainingserfolg insgesamt eine gr\u00f6\u00dfere Nachhaltigkeit erh\u00e4lt.<\/span><\/td>\n<\/tr>\n<tr style=\"height: 10px;\">\n<td style=\"width: 40px;\" valign=\"top\"><\/td>\n<td><\/td>\n<\/tr>\n<tr style=\"height: 50px;\" valign=\"top\">\n<td style=\"width: 40px;\" valign=\"top\">\u00a0<span style=\"font-family: 'Century Gothic', CenturyGothic, Geneva, AppleGothic, sans-serif; font-size: 19.09090805053711px; line-height: 150%;\">3.<\/span><\/td>\n<td><span style=\"font-family: 'Century Gothic', CenturyGothic, Geneva, AppleGothic, sans-serif; font-size: 19.09090805053711px; line-height: 150%;\">Verankerung der Coaching-Inhalte im Tagesgesch\u00e4ft: Es werden nach jeder Coaching-Sequenz konkrete Schritte und Ma\u00dfnahmen mit dem Coachee vereinbart.<\/span><\/td>\n<\/tr>\n<tr style=\"height: 10px;\">\n<td style=\"width: 40px;\" valign=\"top\"><\/td>\n<td><\/td>\n<\/tr>\n<tr style=\"height: 50px;\" valign=\"top\">\n<td style=\"width: 40px;\" valign=\"top\">\u00a0<span style=\"font-family: 'Century Gothic', CenturyGothic, Geneva, AppleGothic, sans-serif; font-size: 19.09090805053711px; line-height: 150%;\">4.<\/span><\/td>\n<td><span style=\"font-family: 'Century Gothic', CenturyGothic, Geneva, AppleGothic, sans-serif; font-size: 19.09090805053711px;\">Verankerung der Coaching-Inhalte im Tagesgesch\u00e4ft: Es werden nach jeder Coaching-Sequenz konkrete Schritte und Ma\u00dfnahmen mit dem Coachee vereinbart.<\/span><\/td>\n<\/tr>\n<\/tbody>\n<\/table>\n","protected":false},"excerpt":{"rendered":"<p>Zielgruppen: Einzelpersonen (Mitarbeiter:innen, F\u00fchrungskr\u00e4fte), Teams Anl\u00e4sse f\u00fcr Coaching-Ma\u00dfnahmen: Potential-Diagnostik: Erarbeitung eines pers\u00f6nlichen St\u00e4rken-Schw\u00e4chen-Profils und intensive Auseinandersetzung mit der eigenen Pers\u00f6nlichkeit und den Wechselwirkungen auf andere Personen Berufliche Ver\u00e4nderungsprozesse (u. a. Aufgaben- und Positionswechsel; vom Kollegen zur F\u00fchrungskraft): intensive Auseinandersetzung mit der neuen Rolle und den damit verbundenen Erwartungen Hilfestellungen und L\u00f6sungen f\u00fcr berufliche Herausforderungen (u. [&hellip;]<\/p>\n","protected":false},"author":1,"featured_media":0,"parent":0,"menu_order":0,"comment_status":"closed","ping_status":"closed","template":"","meta":{"footnotes":""},"class_list":["post-150","page","type-page","status-publish","hentry","entry"],"_links":{"self":[{"href":"https:\/\/www.cornelia-schlatter.de\/index.php?rest_route=\/wp\/v2\/pages\/150","targetHints":{"allow":["GET"]}}],"collection":[{"href":"https:\/\/www.cornelia-schlatter.de\/index.php?rest_route=\/wp\/v2\/pages"}],"about":[{"href":"https:\/\/www.cornelia-schlatter.de\/index.php?rest_route=\/wp\/v2\/types\/page"}],"author":[{"embeddable":true,"href":"https:\/\/www.cornelia-schlatter.de\/index.php?rest_route=\/wp\/v2\/users\/1"}],"replies":[{"embeddable":true,"href":"https:\/\/www.cornelia-schlatter.de\/index.php?rest_route=%2Fwp%2Fv2%2Fcomments&post=150"}],"version-history":[{"count":8,"href":"https:\/\/www.cornelia-schlatter.de\/index.php?rest_route=\/wp\/v2\/pages\/150\/revisions"}],"predecessor-version":[{"id":162,"href":"https:\/\/www.cornelia-schlatter.de\/index.php?rest_route=\/wp\/v2\/pages\/150\/revisions\/162"}],"wp:attachment":[{"href":"https:\/\/www.cornelia-schlatter.de\/index.php?rest_route=%2Fwp%2Fv2%2Fmedia&parent=150"}],"curies":[{"name":"wp","href":"https:\/\/api.w.org\/{rel}","templated":true}]}}