{"id":154,"date":"2025-07-27T12:15:28","date_gmt":"2025-07-27T10:15:28","guid":{"rendered":"https:\/\/www.cornelia-schlatter.de\/?page_id=154"},"modified":"2025-07-29T23:57:31","modified_gmt":"2025-07-29T21:57:31","slug":"unser-motto","status":"publish","type":"page","link":"https:\/\/www.cornelia-schlatter.de\/?page_id=154","title":{"rendered":"Unser Motto"},"content":{"rendered":"<p><strong><span style=\"font-family: 'Century Gothic', CenturyGothic, Geneva, AppleGothic, sans-serif; font-size: 18pt;\">begeistern \u2026<\/span><\/strong><\/p>\n<p><img loading=\"lazy\" decoding=\"async\" class=\"alignnone size-medium wp-image-76\" src=\"https:\/\/www.cornelia-schlatter.de\/wp-content\/uploads\/2025\/07\/21426476_l-300x202.jpg\" alt=\"\" width=\"300\" height=\"202\" srcset=\"https:\/\/www.cornelia-schlatter.de\/wp-content\/uploads\/2025\/07\/21426476_l-300x202.jpg 300w, https:\/\/www.cornelia-schlatter.de\/wp-content\/uploads\/2025\/07\/21426476_l-1024x690.jpg 1024w, https:\/\/www.cornelia-schlatter.de\/wp-content\/uploads\/2025\/07\/21426476_l-768x517.jpg 768w, https:\/\/www.cornelia-schlatter.de\/wp-content\/uploads\/2025\/07\/21426476_l-1536x1035.jpg 1536w, https:\/\/www.cornelia-schlatter.de\/wp-content\/uploads\/2025\/07\/21426476_l-2048x1380.jpg 2048w\" sizes=\"auto, (max-width: 300px) 100vw, 300px\" \/><img loading=\"lazy\" decoding=\"async\" class=\"alignnone size-medium wp-image-74\" src=\"https:\/\/www.cornelia-schlatter.de\/wp-content\/uploads\/2025\/07\/20469973_l-300x200.jpg\" alt=\"\" width=\"300\" height=\"200\" srcset=\"https:\/\/www.cornelia-schlatter.de\/wp-content\/uploads\/2025\/07\/20469973_l-300x200.jpg 300w, https:\/\/www.cornelia-schlatter.de\/wp-content\/uploads\/2025\/07\/20469973_l-1024x683.jpg 1024w, https:\/\/www.cornelia-schlatter.de\/wp-content\/uploads\/2025\/07\/20469973_l-768x512.jpg 768w, https:\/\/www.cornelia-schlatter.de\/wp-content\/uploads\/2025\/07\/20469973_l-1536x1024.jpg 1536w, https:\/\/www.cornelia-schlatter.de\/wp-content\/uploads\/2025\/07\/20469973_l-2048x1365.jpg 2048w\" sizes=\"auto, (max-width: 300px) 100vw, 300px\" \/><\/p>\n<p>&nbsp;<\/p>\n<p><strong><span style=\"font-family: 'Century Gothic', CenturyGothic, Geneva, AppleGothic, sans-serif; font-size: 14pt;\">\u201eVerglichen mit dem, was wir k\u00f6nnten, sind wir nur halb wach\u201c (W. James).<\/span><\/strong><\/p>\n<p style=\"text-align: justify;\"><span style=\"font-family: 'Century Gothic', CenturyGothic, Geneva, AppleGothic, sans-serif; font-size: 14pt; line-height: 150%;\">Die Trainings sind durch hohe Emotionalit\u00e4t und Begeisterung gepr\u00e4gt. Unsere Trainer wecken in Ihren Mitarbeitern und F\u00fchrungskr\u00e4ften die Freude und Begeisterung, mit viel Tatendrang und Schwung Themen und Ziele voranzutreiben, die sie im Unternehmen zu verantworten haben. Ob es der Antrieb ist, f\u00fcr den Kunden da zu sein, f\u00fcr ihn L\u00f6sungen zu bewirken, die Extrameile zu gehen \u2026 Ob es die Freude ist, sich mit Mitarbeitern zu befassen, sie weiterzuentwickeln \u2026 oder ob es die Neugier und der Spa\u00df ist, sich mit betriebswirtschaftlichen Kennzahlen zu besch\u00e4ftigen, diese zu hinterfragen, zu verstehen und Erkenntnisse daraus zu ziehen. Mit Leidenschaft f\u00fcr Themen einzustehen, Identifikation und Selbstverantwortung zu schaffen, haben wir uns als Trainingsauftrag definiert. Wir helfen den Mitarbeitern, ihre Wertigkeit in Ihrem Unternehmen zu erkennen und ihr Herzblut zu wecken. Wir haben einen positiven Lernansatz und ein positives Menschenbild.<\/span><\/p>\n<p>&nbsp;<\/p>\n<p><strong><span style=\"font-family: 'Century Gothic', CenturyGothic, Geneva, AppleGothic, sans-serif; font-size: 18pt;\">bewegen \u2026<\/span><\/strong><\/p>\n<p><span style=\"font-family: 'Century Gothic', CenturyGothic, Geneva, AppleGothic, sans-serif; font-size: 14pt;\">\u00a0<img loading=\"lazy\" decoding=\"async\" class=\"alignnone size-medium wp-image-68\" src=\"https:\/\/www.cornelia-schlatter.de\/wp-content\/uploads\/2025\/07\/9639652_l-300x200.jpg\" alt=\"\" width=\"300\" height=\"200\" srcset=\"https:\/\/www.cornelia-schlatter.de\/wp-content\/uploads\/2025\/07\/9639652_l-300x200.jpg 300w, https:\/\/www.cornelia-schlatter.de\/wp-content\/uploads\/2025\/07\/9639652_l-1024x683.jpg 1024w, https:\/\/www.cornelia-schlatter.de\/wp-content\/uploads\/2025\/07\/9639652_l-768x512.jpg 768w, https:\/\/www.cornelia-schlatter.de\/wp-content\/uploads\/2025\/07\/9639652_l-1536x1024.jpg 1536w, https:\/\/www.cornelia-schlatter.de\/wp-content\/uploads\/2025\/07\/9639652_l-2048x1365.jpg 2048w\" sizes=\"auto, (max-width: 300px) 100vw, 300px\" \/><img loading=\"lazy\" decoding=\"async\" class=\"alignnone wp-image-64 size-medium\" src=\"https:\/\/www.cornelia-schlatter.de\/wp-content\/uploads\/2025\/07\/8267351_l-300x225.jpg\" alt=\"\" width=\"300\" height=\"225\" srcset=\"https:\/\/www.cornelia-schlatter.de\/wp-content\/uploads\/2025\/07\/8267351_l-300x225.jpg 300w, https:\/\/www.cornelia-schlatter.de\/wp-content\/uploads\/2025\/07\/8267351_l-1024x768.jpg 1024w, https:\/\/www.cornelia-schlatter.de\/wp-content\/uploads\/2025\/07\/8267351_l-768x576.jpg 768w, https:\/\/www.cornelia-schlatter.de\/wp-content\/uploads\/2025\/07\/8267351_l-1536x1152.jpg 1536w, https:\/\/www.cornelia-schlatter.de\/wp-content\/uploads\/2025\/07\/8267351_l-2048x1536.jpg 2048w\" sizes=\"auto, (max-width: 300px) 100vw, 300px\" \/><\/span><\/p>\n<p><strong><span style=\"font-family: 'Century Gothic', CenturyGothic, Geneva, AppleGothic, sans-serif; font-size: 14pt; line-height: 150%;\">\u2026 fragen Sie nicht, ob es geht, sondern wie es geht \u2026<\/span><\/strong><\/p>\n<p style=\"text-align: justify;\"><span style=\"font-family: 'Century Gothic', CenturyGothic, Geneva, AppleGothic, sans-serif; font-size: 14pt; line-height: 150%;\">Wir besch\u00e4ftigen uns mit Freude mit Ihren Mitarbeitern. Unsere Trainings sind durch eine hohe Praxisorientiertheit gekennzeichnet. Wir vermitteln konkrete Instrumente und Vorgehensweisen, um Ihren Mitarbeiter schnell, robust und konsequent die F\u00e4higkeiten zu vermitteln, die sie f\u00fcr ihre T\u00e4tigkeit ben\u00f6tigen. Wir bauen auf bereits vorhandenen Kenntnissen auf und professionalisieren diese weiter. Dabei ist uns das Eingehen auf die individuellen Erfordernisse und die Pers\u00f6nlichkeit der Mitarbeiter wichtig, um Authentizit\u00e4t zu wahren. Die konkrete Verzahnung mit der Unternehmenspraxis und der Methoden-Mix in den Schulungen erm\u00f6glichen den direkten Transfer des Gelernten in die Arbeitsrealit\u00e4t.<\/span><\/p>\n<p><span style=\"font-family: 'Century Gothic', CenturyGothic, Geneva, AppleGothic, sans-serif; font-size: 14pt;\"><br \/>\n<\/span><\/p>\n<p><strong><span style=\"font-family: 'Century Gothic', CenturyGothic, Geneva, AppleGothic, sans-serif; font-size: 18pt;\">Nachhaltigkeit!!<\/span><\/strong><\/p>\n<p><strong><span style=\"font-family: 'Century Gothic', CenturyGothic, Geneva, AppleGothic, sans-serif; font-size: 14pt;\">\u00a0<img loading=\"lazy\" decoding=\"async\" class=\"alignnone size-medium wp-image-75\" src=\"https:\/\/www.cornelia-schlatter.de\/wp-content\/uploads\/2025\/07\/20784927_l-300x200.jpg\" alt=\"\" width=\"300\" height=\"200\" srcset=\"https:\/\/www.cornelia-schlatter.de\/wp-content\/uploads\/2025\/07\/20784927_l-300x200.jpg 300w, https:\/\/www.cornelia-schlatter.de\/wp-content\/uploads\/2025\/07\/20784927_l-1024x683.jpg 1024w, https:\/\/www.cornelia-schlatter.de\/wp-content\/uploads\/2025\/07\/20784927_l-768x512.jpg 768w, https:\/\/www.cornelia-schlatter.de\/wp-content\/uploads\/2025\/07\/20784927_l-1536x1024.jpg 1536w, https:\/\/www.cornelia-schlatter.de\/wp-content\/uploads\/2025\/07\/20784927_l-2048x1365.jpg 2048w\" sizes=\"auto, (max-width: 300px) 100vw, 300px\" \/>\u00a0<\/span><\/strong><\/p>\n<p><strong><span style=\"font-family: 'Century Gothic', CenturyGothic, Geneva, AppleGothic, sans-serif; font-size: 14pt;\">\u2026 nach dem Training beginnt die Arbeit \u2026<\/span><\/strong><\/p>\n<p>&nbsp;<\/p>\n<p style=\"text-align: justify;\"><span style=\"font-family: 'Century Gothic', CenturyGothic, Geneva, AppleGothic, sans-serif; font-size: 14pt; line-height: 150%;\">Nachhaltigkeit und Verstetigung sichern wir durch zahlreiche Ma\u00dfnahmen. Unsere Empfehlung ist es, Schulungsma\u00dfnahmen modular zu konzipieren. Dadurch lassen sich schneller Lerneffekte realisieren, die sich motivierend auf die Mitarbeiter auswirken und sie in ihrer weiteren Umsetzung des Gelernten best\u00e4tigen. \u201eHausaufgaben\u201c zwischen den einzelnen Modulen unterstreichen die Verbindlichkeit der Ma\u00dfnahme. Wir geben konkrete Umsetzungshilfen, wie z. B. Checklisten, Leitf\u00e4den an die Hand. Ihre Mitarbeiter sind aufgefordert, einen eigenen Aktionsplan zu entwickeln mit konkreten Punkten zur Umsetzung in der Unternehmenspraxis. Dies sch\u00e4rft die Selbstreflexion und st\u00e4rkt die Eigenverantwortung, um auch selbst wieder nachhaltig zu agieren. Begeisterung begeistert!!<\/span><\/p>\n<p style=\"text-align: justify;\">\n<p style=\"text-align: justify;\">\n","protected":false},"excerpt":{"rendered":"<p>begeistern \u2026 &nbsp; \u201eVerglichen mit dem, was wir k\u00f6nnten, sind wir nur halb wach\u201c (W. James). Die Trainings sind durch hohe Emotionalit\u00e4t und Begeisterung gepr\u00e4gt. Unsere Trainer wecken in Ihren Mitarbeitern und F\u00fchrungskr\u00e4ften die Freude und Begeisterung, mit viel Tatendrang und Schwung Themen und Ziele voranzutreiben, die sie im Unternehmen zu verantworten haben. Ob es [&hellip;]<\/p>\n","protected":false},"author":1,"featured_media":0,"parent":0,"menu_order":0,"comment_status":"closed","ping_status":"closed","template":"","meta":{"footnotes":""},"class_list":["post-154","page","type-page","status-publish","hentry","entry"],"_links":{"self":[{"href":"https:\/\/www.cornelia-schlatter.de\/index.php?rest_route=\/wp\/v2\/pages\/154","targetHints":{"allow":["GET"]}}],"collection":[{"href":"https:\/\/www.cornelia-schlatter.de\/index.php?rest_route=\/wp\/v2\/pages"}],"about":[{"href":"https:\/\/www.cornelia-schlatter.de\/index.php?rest_route=\/wp\/v2\/types\/page"}],"author":[{"embeddable":true,"href":"https:\/\/www.cornelia-schlatter.de\/index.php?rest_route=\/wp\/v2\/users\/1"}],"replies":[{"embeddable":true,"href":"https:\/\/www.cornelia-schlatter.de\/index.php?rest_route=%2Fwp%2Fv2%2Fcomments&post=154"}],"version-history":[{"count":3,"href":"https:\/\/www.cornelia-schlatter.de\/index.php?rest_route=\/wp\/v2\/pages\/154\/revisions"}],"predecessor-version":[{"id":192,"href":"https:\/\/www.cornelia-schlatter.de\/index.php?rest_route=\/wp\/v2\/pages\/154\/revisions\/192"}],"wp:attachment":[{"href":"https:\/\/www.cornelia-schlatter.de\/index.php?rest_route=%2Fwp%2Fv2%2Fmedia&parent=154"}],"curies":[{"name":"wp","href":"https:\/\/api.w.org\/{rel}","templated":true}]}}