{"id":18,"date":"2025-07-26T13:15:43","date_gmt":"2025-07-26T11:15:43","guid":{"rendered":"https:\/\/www2.cornelia-schlatter.de\/?page_id=18"},"modified":"2025-08-03T09:35:11","modified_gmt":"2025-08-03T07:35:11","slug":"startseite","status":"publish","type":"page","link":"https:\/\/www.cornelia-schlatter.de\/","title":{"rendered":"Startseite"},"content":{"rendered":"\r\n<div style=\"text-align: center;\">\r\n<h1 style=\"text-align: center;\">\u00dcber 25 JAHRE erfolgreiche Zusammenarbeit mit IHNEN!<\/h1>\r\nWir sagen herzlichen Dank und hei\u00dfen Sie WILLKOMMEN! Wir sind E-Learning-Partner der Haufe-Akademie.<\/div>\r\n<div>\u00a0<\/div>\r\n<div class=\"alignnormal\" style=\"text-align: center;\"><div id=\"metaslider-id-47\" style=\"max-width: 800px; margin: 0 auto;\" class=\"ml-slider-3-108-0 metaslider metaslider-flex metaslider-47 ml-slider has-dots-nav ms-theme-precognition\" role=\"region\" aria-label=\"Startsteite\" data-height=\"150\" data-width=\"800\">\n    <div id=\"metaslider_container_47\">\n        <div id=\"metaslider_47\">\n            <ul aria-live='off' class='slides'>\n                <li style=\"display: block; width: 100%;\" class=\"slide-48 ms-image \" aria-roledescription=\"slide\" data-date=\"2025-07-26 13:35:17\" data-filename=\"Slide-2-1-740x138.png\" data-slide-type=\"image\"><img loading=\"lazy\" decoding=\"async\" src=\"https:\/\/www.cornelia-schlatter.de\/wp-content\/uploads\/2025\/07\/Slide-2-1-740x138.png\" height=\"150\" width=\"800\" alt=\"\" class=\"slider-47 slide-48 msDefaultImage\" title=\"Lassen Sie sich bewegen\" \/><\/li>\n                <li style=\"display: none; width: 100%;\" class=\"slide-51 ms-image \" aria-roledescription=\"slide\" data-date=\"2025-07-26 13:35:17\" data-filename=\"Slide-1-740x138.png\" data-slide-type=\"image\"><img loading=\"lazy\" decoding=\"async\" src=\"https:\/\/www.cornelia-schlatter.de\/wp-content\/uploads\/2025\/07\/Slide-1-740x138.png\" height=\"150\" width=\"800\" alt=\"\" class=\"slider-47 slide-51 msDefaultImage\" title=\"Sp\u00fcren Sie Begeisterung\" \/><\/li>\n                <li style=\"display: none; width: 100%;\" class=\"slide-49 ms-image \" aria-roledescription=\"slide\" data-date=\"2025-07-26 13:35:17\" data-filename=\"Slide-3-740x138.png\" data-slide-type=\"image\"><img loading=\"lazy\" decoding=\"async\" src=\"https:\/\/www.cornelia-schlatter.de\/wp-content\/uploads\/2025\/07\/Slide-3-740x138.png\" height=\"150\" width=\"800\" alt=\"\" class=\"slider-47 slide-49 msDefaultImage\" title=\"Setzen Sie erfolg Nachhaltig selbst um\" \/><\/li>\n                <li style=\"display: none; width: 100%;\" class=\"slide-172 ms-image \" aria-roledescription=\"slide\" data-date=\"2025-07-29 23:01:21\" data-filename=\"Slide5-800x150.jpg\" data-slide-type=\"image\"><img loading=\"lazy\" decoding=\"async\" src=\"https:\/\/www.cornelia-schlatter.de\/wp-content\/uploads\/2025\/07\/Slide5-800x150.jpg\" height=\"150\" width=\"800\" alt=\"\" class=\"slider-47 slide-172 msDefaultImage\" title=\"Wir freuen uns\" \/><\/li>\n            <\/ul>\n        <\/div>\n        \n    <\/div>\n<\/div><\/div>\r\n<h1 style=\"text-align: center;\">News-Ticker<\/h1>\r\n<div style=\"text-align: center;\"><div class=\"ditty ditty--pre\" data-id=\"163\" data-uniqid=\"ditty-69e5b9d547249\"><\/div><\/div>\r\n\r\n\r\n\r\n<div class=\"alignnormal\" style=\"text-align: center;\"><div id=\"metaslider-id-60\" style=\"max-width: 900px; margin: 0 auto;\" class=\"ml-slider-3-108-0 metaslider metaslider-flex metaslider-60 ml-slider has-dots-nav ms-theme-clarity\" role=\"region\" aria-label=\"Dienstleistungen\" data-height=\"400\" data-width=\"900\">\n    <div id=\"metaslider_container_60\">\n        <div id=\"metaslider_60\">\n            <ul aria-live='off' class='slides'>\n                <li style=\"display: block; width: 100%;\" class=\"slide-91 ms-image \" aria-roledescription=\"slide\" data-date=\"2025-07-26 14:13:12\" data-filename=\"20469973_l-900x400.jpg\" data-slide-type=\"image\"><a href=\"https:\/\/www.cornelia-schlatter.de\/?page_id=142\" target=\"_self\" aria-label=\"View Slide Details\" class=\"metaslider_image_link\"><img loading=\"lazy\" decoding=\"async\" src=\"https:\/\/www.cornelia-schlatter.de\/wp-content\/uploads\/2025\/07\/20469973_l-900x400.jpg\" height=\"400\" width=\"900\" alt=\"\" class=\"slider-60 slide-91 msDefaultImage\" title=\"Sales Excelence\" \/><\/a><div class=\"caption-wrap\"><div class=\"caption\"><div> <div class=\"sp-module-content\">  <div class=\"newsbox_item center\"> <div class=\"newsbox_sett102\"> <div class=\"newsbox_descr\"> <div class=\"newsbox_about\"> <h1 class=\"newsbox_name\">Sales Excellence<\/h1> <\/div> <div class=\"newsbox_about\"> <p class=\"MsoNormal\" style=\"line-height:normal;\"><span style=\"font-size:12pt;font-family:'Century Gothic', sans-serif;\">Unsere Trainingsreihe Sales Excellence gibt Ihnen zeitgem\u00e4\u00dfe Impulse, Ihre Vertriebsstrategien auf den Pr\u00fcfstand zu stellen, zu reflektieren und neue Ans\u00e4tze zu integrieren. Vertrieb ist Mannschaftssport und wird nur durch ein abgestimmtes Zusammenwirken aller Beteiligten erfolgreich sein.<span style=\"color:#000000;\"> Gute Produkte herzustellen, wird in Zukunft nicht mehr gen\u00fcgen. Es gilt, mit Kund:innen zusammen Zukunftsthemen zu bearbeiten, eine L\u00f6sungspartnerschaft zu bieten, mit einem starken Kompetenzprofil zu \u00fcberzeugen. Bieten Sie Ihren Kund:innen einen Mehrwert und managen Sie die Beziehung zu Kund:innen positiv. Verstehen Sie Vertrieb als ein spannendes Spielfeld, in dem beide auf der Gewinnerseite sind. <a title=\"Mehr ...\" href=\"https:\/\/www.cornelia-schlatter.de\/?page_id=142\">Mehr ...<\/a><\/span><\/span><\/p> <\/div> <\/div> <\/div> <\/div>  <\/div> <\/div><\/div><\/div><\/li>\n                <li style=\"display: none; width: 100%;\" class=\"slide-92 ms-image \" aria-roledescription=\"slide\" data-date=\"2025-07-26 14:13:12\" data-filename=\"19339040_l-900x400.jpg\" data-slide-type=\"image\"><a href=\"https:\/\/www.cornelia-schlatter.de\/?page_id=140\" target=\"_self\" aria-label=\"View Slide Details\" class=\"metaslider_image_link\"><img loading=\"lazy\" decoding=\"async\" src=\"https:\/\/www.cornelia-schlatter.de\/wp-content\/uploads\/2025\/07\/19339040_l-900x400.jpg\" height=\"400\" width=\"900\" alt=\"\" class=\"slider-60 slide-92 msDefaultImage\" title=\"19339040_l\" \/><\/a><div class=\"caption-wrap\"><div class=\"caption\"><div> <h1 class=\"newsbox_name\">Service-Excellence<\/h1> <div> <p class=\"MsoNormal\" style=\"line-height:normal;\"><span style=\"font-size:12pt;font-family:'Century Gothic', sans-serif;\">Kundenorientierung ist ein Thema, das von allen Mitarbeiter:innen eines Unternehmens gelebt werden muss, um Kund:innen von den Produkten und Leistungen zu \u00fcberzeugen und dauerhaft zu binden. Eine gute Kundenorientierung umfasst mehr als nur Freundlichkeit. Es gibt eine Vielzahl an Faktoren, die im Unternehmen zu steuern sind, um gegen\u00fcber Kund:innen professionell aufzutreten. Kund:innen wollen Fachkompetenz von der ersten Minute an sp\u00fcren, sie wollen auf eine freundliche Art und Weise ihr Geld \u201eausgeben\u201c und es soll f\u00fcr sie einfach und unb\u00fcrokratisch ablaufen (Fachkompetenz, Verhalten und professionell geregelte Abl\u00e4ufe und Prozesse). <span style=\"color:#000000;\">An welchen Kundenkontaktpunkten wollen Kund:innen in welcher Form abgeholt werden? Was ist aus ihrer Sicht wichtig? M<\/span>it praxisnahen Tipps wird Ihnen ein zeitgem\u00e4\u00dfes Serviceverst\u00e4ndnis n\u00e4hergebracht. <a title=\"Mehr ...\" href=\"https:\/\/www.cornelia-schlatter.de\/?page_id=140\">Mehr ...<\/a><\/span><\/p> <\/div> <\/div><\/div><\/div><\/li>\n                <li style=\"display: none; width: 100%;\" class=\"slide-102 ms-image \" aria-roledescription=\"slide\" data-date=\"2025-07-26 14:47:19\" data-filename=\"7873758_l-900x400.jpg\" data-slide-type=\"image\"><a href=\"https:\/\/www.cornelia-schlatter.de\/?page_id=138\" target=\"_self\" aria-label=\"View Slide Details\" class=\"metaslider_image_link\"><img loading=\"lazy\" decoding=\"async\" src=\"https:\/\/www.cornelia-schlatter.de\/wp-content\/uploads\/2025\/07\/7873758_l-900x400.jpg\" height=\"400\" width=\"900\" alt=\"\" class=\"slider-60 slide-102 msDefaultImage\" title=\"7873758_l\" \/><\/a><div class=\"caption-wrap\"><div class=\"caption\"><div> <h1 class=\"newsbox_name\">Leadership-Excellence<\/h1> <div> <p class=\"MsoNormal\" style=\"line-height:normal;\"><span style=\"font-size:12pt;font-family:'Century Gothic', sans-serif;\">Mit pragmatischen und konkreten Instrumenten zeigen wir Ihnen M\u00f6glichkeiten, auf Menschen positiv einzuwirken, konstruktives Feedback zu geben, sie aktiv zu coachen und zu f\u00f6rdern sowie \u00fcber Zielvereinbarungen am Unternehmenserfolg teilhaben zu lassen. Auch hier ist das Ziel, unternehmerisches Denken und Handeln zu f\u00f6rdern und motivierte und leistungsstarke Mitarbeiter:innen an das Unternehmen zu binden. <a title=\"Mehr ...\" href=\"https:\/\/www.cornelia-schlatter.de\/?page_id=138\">Mehr ...<\/a><\/span><\/p> <\/div> <\/div><\/div><\/div><\/li>\n                <li style=\"display: none; width: 100%;\" class=\"slide-103 ms-image \" aria-roledescription=\"slide\" data-date=\"2025-07-26 14:47:57\" data-filename=\"22427989_l-900x400.jpg\" data-slide-type=\"image\"><a href=\"https:\/\/www.cornelia-schlatter.de\/?page_id=136\" target=\"_self\" aria-label=\"View Slide Details\" class=\"metaslider_image_link\"><img loading=\"lazy\" decoding=\"async\" src=\"https:\/\/www.cornelia-schlatter.de\/wp-content\/uploads\/2025\/07\/22427989_l-900x400.jpg\" height=\"400\" width=\"900\" alt=\"\" class=\"slider-60 slide-103 msDefaultImage\" title=\"22427989_l\" \/><\/a><div class=\"caption-wrap\"><div class=\"caption\"><div> <h2 class=\"newsbox_name\">Business-Excellence<\/h2> <div> <p class=\"MsoNormal\" style=\"line-height:normal;\"><span style=\"font-size:12pt;font-family:'Century Gothic', sans-serif;\">\u2026 jede Zahl erz\u00e4hlt eine Geschichte \u2026 F\u00fchrungskr\u00e4fte und Mitarbeiter:innen werden immer st\u00e4rker mit internem Reporting, Kennzahlen, KPIs etc. konfrontiert. Unsere Trainingsreihe \u201eBusiness Excellence\u201c richtet sich an alle Mitarbeiter:innen, welche die betriebswirtschaftliche Seite des Arbeitslebens besser verstehen und sicherer mit Zahlenmaterial umgehen wollen. Es werden betriebswirtschaftliche Zusammenh\u00e4nge erl\u00e4utert und ein Bezugsrahmen geschaffen, der die Einordnung verschiedener Begriffe aus dem Berufsalltag erm\u00f6glicht. Mit praxisnahen Beispielen wird Ihnen eine moderne Unternehmensf\u00fchrung n\u00e4hergebracht. BWL macht Spa\u00df!<strong> <a title=\"Mehr ...\" href=\"https:\/\/www.cornelia-schlatter.de\/?page_id=136\">Mehr ...<\/a><\/strong><\/span><\/p> <\/div> <\/div><\/div><\/div><\/li>\n                <li style=\"display: none; width: 100%;\" class=\"slide-104 ms-image \" aria-roledescription=\"slide\" data-date=\"2025-07-26 14:49:09\" data-filename=\"21426476_l-900x400.jpg\" data-slide-type=\"image\"><a href=\"https:\/\/www.cornelia-schlatter.de\/?page_id=150\" target=\"_self\" aria-label=\"View Slide Details\" class=\"metaslider_image_link\"><img loading=\"lazy\" decoding=\"async\" src=\"https:\/\/www.cornelia-schlatter.de\/wp-content\/uploads\/2025\/07\/21426476_l-900x400.jpg\" height=\"400\" width=\"900\" alt=\"\" class=\"slider-60 slide-104 msDefaultImage\" title=\"21426476_l\" \/><\/a><div class=\"caption-wrap\"><div class=\"caption\"><div> <h1 class=\"newsbox_name\">Business Coaching<\/h1> <p class=\"MsoNormal\" style=\"line-height:normal;\"><span style=\"font-size:12pt;font-family:'Century Gothic', sans-serif;\">Einzelpersonen (Mitarbeiter:innen, F\u00fchrungskr\u00e4fte), Teams<\/span>. <a title=\"Mehr ...\" href=\"https:\/\/www.cornelia-schlatter.de\/?page_id=150\">Mehr ...<\/a><\/p> <\/div><\/div><\/div><\/li>\n                <li style=\"display: none; width: 100%;\" class=\"slide-105 ms-image \" aria-roledescription=\"slide\" data-date=\"2025-07-26 14:49:51\" data-filename=\"8267351_l-900x400.jpg\" data-slide-type=\"image\"><a href=\"https:\/\/www.cornelia-schlatter.de\/?page_id=134\" target=\"_self\" aria-label=\"View Slide Details\" class=\"metaslider_image_link\"><img loading=\"lazy\" decoding=\"async\" src=\"https:\/\/www.cornelia-schlatter.de\/wp-content\/uploads\/2025\/07\/8267351_l-900x400.jpg\" height=\"400\" width=\"900\" alt=\"\" class=\"slider-60 slide-105 msDefaultImage\" title=\"8267351_l\" \/><\/a><div class=\"caption-wrap\"><div class=\"caption\"><div> <h1 class=\"newsbox_name\">Formate<\/h1> <p class=\"MsoNormal\" style=\"line-height:normal;\"><span lang=\"en-us\" style=\"font-size:12pt;font-family:'Century Gothic', sans-serif;\" xml:lang=\"en-us\">Unsere Weiterbildungsformate sind frei skalierbar nach Ihren W\u00fcnschen, den Zielsetzungen, Erwartungen, den inhaltlichen Schwerpunkten, den Zielgruppen und der zeitlichen Dauer. <a title=\"Mehr ...\" href=\"https:\/\/www.cornelia-schlatter.de\/?page_id=134\">Mehr ...<\/a><\/span><\/p> <\/div><\/div><\/div><\/li>\n            <\/ul>\n        <\/div>\n        \n    <\/div>\n<\/div><\/div>\r\n\r\n\r\n\r\n<div class=\"alignnormal\" style=\"text-align: center;\"><div id=\"metaslider-id-106\" style=\"width: 100%;\" class=\"ml-slider-3-108-0 metaslider metaslider-flex metaslider-106 ml-slider has-dots-nav has-carousel-mode ms-theme-databold\" role=\"region\" aria-label=\"Allgemeines\" data-height=\"300\" data-width=\"1200\">\n    <div id=\"metaslider_container_106\">\n        <div id=\"metaslider_106\">\n            <ul aria-live='off' class='slides'>\n                <li style=\"display: none; width: 100%;\" class=\"slide-107 ms-image \" aria-roledescription=\"slide\" data-date=\"2025-07-26 14:53:53\" data-filename=\"8267351_l-1200x300.jpg\" data-slide-type=\"image\"><a href=\"https:\/\/www.cornelia-schlatter.de\/?page_id=108\" target=\"_blank\" aria-label=\"View Slide Details\" class=\"metaslider_image_link\"><img loading=\"lazy\" decoding=\"async\" src=\"https:\/\/www.cornelia-schlatter.de\/wp-content\/uploads\/2025\/07\/8267351_l-1200x300.jpg\" height=\"300\" width=\"1200\" alt=\"\" class=\"slider-106 slide-107 msDefaultImage\" title=\"8267351_l\" \/><\/a><div class=\"caption-wrap\"><div class=\"caption\"><h2><a href=\"https:\/\/www.cornelia-schlatter.de\/?page_id=108\">Gesch\u00e4ftsf\u00fchrer Dr. Cornelia Schlatter<\/a><\/h2><\/div><\/div><\/li>\n                <li style=\"display: none; width: 100%;\" class=\"slide-111 ms-image \" aria-roledescription=\"slide\" data-date=\"2025-07-26 15:02:46\" data-filename=\"8267351_l-1200x300.jpg\" data-slide-type=\"image\"><a href=\"https:\/\/www.cornelia-schlatter.de\/?page_id=146\" target=\"_self\" aria-label=\"View Slide Details\" class=\"metaslider_image_link\"><img loading=\"lazy\" decoding=\"async\" src=\"https:\/\/www.cornelia-schlatter.de\/wp-content\/uploads\/2025\/07\/8267351_l-1200x300.jpg\" height=\"300\" width=\"1200\" alt=\"\" class=\"slider-106 slide-111 msDefaultImage\" title=\"8267351_l\" \/><\/a><div class=\"caption-wrap\"><div class=\"caption\"><div> <h2><a href=\"https:\/\/www.cornelia-schlatter.de\/?page_id=146\">Daten &amp; Fakten<\/a><\/h2> <\/div><\/div><\/div><\/li>\n                <li style=\"display: none; width: 100%;\" class=\"slide-112 ms-image \" aria-roledescription=\"slide\" data-date=\"2025-07-26 15:03:20\" data-filename=\"8267351_l-1200x300.jpg\" data-slide-type=\"image\"><a href=\"https:\/\/www.cornelia-schlatter.de\/?page_id=144\" target=\"_self\" aria-label=\"View Slide Details\" class=\"metaslider_image_link\"><img loading=\"lazy\" decoding=\"async\" src=\"https:\/\/www.cornelia-schlatter.de\/wp-content\/uploads\/2025\/07\/8267351_l-1200x300.jpg\" height=\"300\" width=\"1200\" alt=\"\" class=\"slider-106 slide-112 msDefaultImage\" title=\"8267351_l\" \/><\/a><div class=\"caption-wrap\"><div class=\"caption\"><div> <h2><a href=\"https:\/\/www.cornelia-schlatter.de\/?page_id=144\">Ihre Vorteile<\/a><\/h2> <\/div><\/div><\/div><\/li>\n                <li style=\"display: none; width: 100%;\" class=\"slide-113 ms-image \" aria-roledescription=\"slide\" data-date=\"2025-07-26 15:03:43\" data-filename=\"8267351_l-1200x300.jpg\" data-slide-type=\"image\"><a href=\"https:\/\/www.cornelia-schlatter.de\/?page_id=154\" target=\"_self\" aria-label=\"View Slide Details\" class=\"metaslider_image_link\"><img loading=\"lazy\" decoding=\"async\" src=\"https:\/\/www.cornelia-schlatter.de\/wp-content\/uploads\/2025\/07\/8267351_l-1200x300.jpg\" height=\"300\" width=\"1200\" alt=\"\" class=\"slider-106 slide-113 msDefaultImage\" title=\"8267351_l\" \/><\/a><div class=\"caption-wrap\"><div class=\"caption\"><div> <h2><a href=\"https:\/\/www.cornelia-schlatter.de\/?page_id=154\">Unser Motto<\/a><\/h2> <\/div><\/div><\/div><\/li>\n            <\/ul>\n        <\/div>\n        \n    <\/div>\n<\/div><\/div>\r\n","protected":false},"excerpt":{"rendered":"","protected":false},"author":1,"featured_media":0,"parent":0,"menu_order":0,"comment_status":"closed","ping_status":"closed","template":"","meta":{"footnotes":""},"class_list":["post-18","page","type-page","status-publish","hentry","entry"],"_links":{"self":[{"href":"https:\/\/www.cornelia-schlatter.de\/index.php?rest_route=\/wp\/v2\/pages\/18","targetHints":{"allow":["GET"]}}],"collection":[{"href":"https:\/\/www.cornelia-schlatter.de\/index.php?rest_route=\/wp\/v2\/pages"}],"about":[{"href":"https:\/\/www.cornelia-schlatter.de\/index.php?rest_route=\/wp\/v2\/types\/page"}],"author":[{"embeddable":true,"href":"https:\/\/www.cornelia-schlatter.de\/index.php?rest_route=\/wp\/v2\/users\/1"}],"replies":[{"embeddable":true,"href":"https:\/\/www.cornelia-schlatter.de\/index.php?rest_route=%2Fwp%2Fv2%2Fcomments&post=18"}],"version-history":[{"count":12,"href":"https:\/\/www.cornelia-schlatter.de\/index.php?rest_route=\/wp\/v2\/pages\/18\/revisions"}],"predecessor-version":[{"id":197,"href":"https:\/\/www.cornelia-schlatter.de\/index.php?rest_route=\/wp\/v2\/pages\/18\/revisions\/197"}],"wp:attachment":[{"href":"https:\/\/www.cornelia-schlatter.de\/index.php?rest_route=%2Fwp%2Fv2%2Fmedia&parent=18"}],"curies":[{"name":"wp","href":"https:\/\/api.w.org\/{rel}","templated":true}]}}