{"id":19,"date":"2025-07-26T13:15:43","date_gmt":"2025-07-26T11:15:43","guid":{"rendered":"https:\/\/www2.cornelia-schlatter.de\/?page_id=19"},"modified":"2025-08-04T07:10:57","modified_gmt":"2025-08-04T05:10:57","slug":"presse","status":"publish","type":"page","link":"https:\/\/www.cornelia-schlatter.de\/?page_id=19","title":{"rendered":"Referenzen"},"content":{"rendered":"<p style=\"text-align: center;\" align=\"center\"><b><span style=\"font-size: 24.0pt; font-family: 'Century Gothic',sans-serif;\">Branchenexpertise:<\/span><\/b><\/p>\n<p style=\"text-align: center;\" align=\"center\"><span style=\"font-size: 14.0pt; font-family: 'Century Gothic',sans-serif;\">Automobilindustrie<\/span><\/p>\n<p style=\"text-align: center;\" align=\"center\"><span style=\"font-size: 14.0pt; font-family: 'Century Gothic',sans-serif;\">Banken und Finanzen<\/span><\/p>\n<p style=\"text-align: center;\" align=\"center\"><span style=\"font-size: 14.0pt; font-family: 'Century Gothic',sans-serif;\">Bauwirtschaft<\/span><\/p>\n<p style=\"text-align: center;\" align=\"center\"><span style=\"font-size: 14.0pt; font-family: 'Century Gothic',sans-serif;\">Beratung<\/span><\/p>\n<p style=\"text-align: center;\" align=\"center\"><span style=\"font-size: 14.0pt; font-family: 'Century Gothic',sans-serif;\">Chemie<\/span><\/p>\n<p style=\"text-align: center;\" align=\"center\"><span style=\"font-size: 14.0pt; font-family: 'Century Gothic',sans-serif;\">Dienstleistungen (u. a. Zeitarbeit, Trainingsinstitute, Empfangsdienstleistungen, Steuerberatung, Anwaltskanzleien)<\/span><\/p>\n<p style=\"text-align: center;\" align=\"center\"><span style=\"font-size: 14.0pt; font-family: 'Century Gothic',sans-serif;\">Energiewirtschaft + Umwelttechnik (private Unternehmen, Stadtwerke)<\/span><\/p>\n<p style=\"text-align: center;\" align=\"center\"><span style=\"font-size: 14.0pt; font-family: 'Century Gothic',sans-serif;\">Forschung und Entwicklung<\/span><\/p>\n<p style=\"text-align: center;\" align=\"center\"><span style=\"font-size: 14.0pt; font-family: 'Century Gothic',sans-serif;\">Handel + Konsum (u. a. Gro\u00df- und Einzelhandel: Lebensmittel, Elektronik, Bekleidung, Baum\u00e4rkte)<\/span><\/p>\n<p style=\"text-align: center;\" align=\"center\"><span style=\"font-size: 14.0pt; font-family: 'Century Gothic',sans-serif;\">Industrie (u. a. Maschinenbau, Klimatechnik, Abf\u00fcllanlagen, Mess- und Pr\u00fcftechnik, R\u00fchr- und Mischtechnik, Schleiftechnik, Optik, Antriebstechnik, Kraftwerksanlagen, Lebensmittel)<\/span><\/p>\n<p style=\"text-align: center;\" align=\"center\"><span style=\"font-size: 14.0pt; font-family: 'Century Gothic',sans-serif;\">IT-Branche<\/span><\/p>\n<p style=\"text-align: center;\" align=\"center\"><span style=\"font-size: 14.0pt; font-family: 'Century Gothic',sans-serif;\">Krankenh\u00e4user<\/span><\/p>\n<p style=\"text-align: center;\" align=\"center\"><span style=\"font-size: 14.0pt; font-family: 'Century Gothic',sans-serif;\">Logistik, Transport und Verkehr<\/span><\/p>\n<p style=\"text-align: center;\" align=\"center\"><span style=\"font-size: 14.0pt; font-family: 'Century Gothic',sans-serif;\">Luftfahrtindustrie<\/span><\/p>\n<p style=\"text-align: center;\" align=\"center\"><span style=\"font-size: 14.0pt; font-family: 'Century Gothic',sans-serif;\">Marketing + Media<\/span><\/p>\n<p style=\"text-align: center;\" align=\"center\"><span style=\"font-size: 14.0pt; font-family: 'Century Gothic',sans-serif;\">Medizintechnik<\/span><\/p>\n<p style=\"text-align: center;\" align=\"center\"><span style=\"font-size: 14.0pt; font-family: 'Century Gothic',sans-serif;\">\u00d6ffentliche Verwaltungen (u. a. Ministerien, Bundesbeh\u00f6rden, -\u00e4mter, Kreis- und Stadtverwaltungen)<\/span><\/p>\n<p style=\"text-align: center;\" align=\"center\"><span style=\"font-size: 14.0pt; font-family: 'Century Gothic',sans-serif;\">Pflegeeinrichtungen<\/span><\/p>\n<p style=\"text-align: center;\" align=\"center\"><span style=\"font-size: 14.0pt; font-family: 'Century Gothic',sans-serif;\">Pharmabranche<\/span><\/p>\n<p style=\"text-align: center;\" align=\"center\"><span style=\"font-size: 14.0pt; font-family: 'Century Gothic',sans-serif;\">Telekommunikation<\/span><\/p>\n<p style=\"text-align: center;\" align=\"center\"><span style=\"font-size: 14.0pt; font-family: 'Century Gothic',sans-serif;\">Touristik<\/span><\/p>\n<p style=\"text-align: center;\" align=\"center\"><span style=\"font-size: 14.0pt; font-family: 'Century Gothic',sans-serif;\">Verb\u00e4nde (u. a. Arbeitgeberverb\u00e4nde der Chemie, Pharma, Industrie, Apotheken, Immobilienwirtschaft)<\/span><\/p>\n<p style=\"text-align: center;\" align=\"center\"><span style=\"font-size: 14.0pt; font-family: 'Century Gothic',sans-serif;\">Versicherungen (u. a. Krankenversicherungen, Sozialversicherungstr\u00e4ger)<\/span><\/p>\n<p style=\"text-align: center;\" align=\"center\"><span style=\"font-size: 14.0pt; font-family: 'Century Gothic',sans-serif;\">Wohnungsbau- und Wohnungswirtschaftsunternehmen<\/span><\/p>\n","protected":false},"excerpt":{"rendered":"<p>Branchenexpertise: Automobilindustrie Banken und Finanzen Bauwirtschaft Beratung Chemie Dienstleistungen (u. a. Zeitarbeit, Trainingsinstitute, Empfangsdienstleistungen, Steuerberatung, Anwaltskanzleien) Energiewirtschaft + Umwelttechnik (private Unternehmen, Stadtwerke) Forschung und Entwicklung Handel + Konsum (u. a. Gro\u00df- und Einzelhandel: Lebensmittel, Elektronik, Bekleidung, Baum\u00e4rkte) Industrie (u. a. Maschinenbau, Klimatechnik, Abf\u00fcllanlagen, Mess- und Pr\u00fcftechnik, R\u00fchr- und Mischtechnik, Schleiftechnik, Optik, Antriebstechnik, Kraftwerksanlagen, Lebensmittel) IT-Branche [&hellip;]<\/p>\n","protected":false},"author":1,"featured_media":0,"parent":0,"menu_order":0,"comment_status":"closed","ping_status":"closed","template":"","meta":{"footnotes":""},"class_list":["post-19","page","type-page","status-publish","hentry","entry"],"_links":{"self":[{"href":"https:\/\/www.cornelia-schlatter.de\/index.php?rest_route=\/wp\/v2\/pages\/19","targetHints":{"allow":["GET"]}}],"collection":[{"href":"https:\/\/www.cornelia-schlatter.de\/index.php?rest_route=\/wp\/v2\/pages"}],"about":[{"href":"https:\/\/www.cornelia-schlatter.de\/index.php?rest_route=\/wp\/v2\/types\/page"}],"author":[{"embeddable":true,"href":"https:\/\/www.cornelia-schlatter.de\/index.php?rest_route=\/wp\/v2\/users\/1"}],"replies":[{"embeddable":true,"href":"https:\/\/www.cornelia-schlatter.de\/index.php?rest_route=%2Fwp%2Fv2%2Fcomments&post=19"}],"version-history":[{"count":5,"href":"https:\/\/www.cornelia-schlatter.de\/index.php?rest_route=\/wp\/v2\/pages\/19\/revisions"}],"predecessor-version":[{"id":198,"href":"https:\/\/www.cornelia-schlatter.de\/index.php?rest_route=\/wp\/v2\/pages\/19\/revisions\/198"}],"wp:attachment":[{"href":"https:\/\/www.cornelia-schlatter.de\/index.php?rest_route=%2Fwp%2Fv2%2Fmedia&parent=19"}],"curies":[{"name":"wp","href":"https:\/\/api.w.org\/{rel}","templated":true}]}}