{"id":21,"date":"2025-07-26T13:15:43","date_gmt":"2025-07-26T11:15:43","guid":{"rendered":"https:\/\/www2.cornelia-schlatter.de\/?page_id=21"},"modified":"2025-07-26T14:33:30","modified_gmt":"2025-07-26T12:33:30","slug":"impressum","status":"publish","type":"page","link":"https:\/\/www.cornelia-schlatter.de\/?page_id=21","title":{"rendered":"Impressum"},"content":{"rendered":"<h1>Dr. SCHLATTER \u2013 Training und Beratung<br \/>\nDr. Cornelia Schlatter<\/h1>\n<p><span style=\"font-size: 14pt; font-family: 'Century Gothic', CenturyGothic, Geneva, AppleGothic, sans-serif;\">Forsthausweg 12<\/span><\/p>\n<p><span style=\"font-size: 14pt; font-family: 'Century Gothic', CenturyGothic, Geneva, AppleGothic, sans-serif;\">D \u2013 63263 Neu-Isenburg<\/span><\/p>\n<p><span style=\"font-size: 14pt; font-family: 'Century Gothic', CenturyGothic, Geneva, AppleGothic, sans-serif;\"><span style=\"font-size: 14pt; font-family: 'Century Gothic', CenturyGothic, Geneva, AppleGothic, sans-serif;\">Telefon:\u00a0<\/span>069\/60663541<br \/>\n<\/span><\/p>\n<p><span style=\"font-size: 14pt; font-family: 'Century Gothic', CenturyGothic, Geneva, AppleGothic, sans-serif;\"><br \/>\n<\/span><\/p>\n<p><span style=\"font-family: 'Century Gothic', CenturyGothic, Geneva, AppleGothic, sans-serif; font-size: 14pt;\">E-Mail: \u00a0 \u00a0 \u00a0 \u00a0 \u00a0 <\/span><span style=\"font-size: 14pt; font-family: 'Century Gothic', CenturyGothic, Geneva, AppleGothic, sans-serif;\"><a style=\"font-family: 'Century Gothic', CenturyGothic, Geneva, AppleGothic, sans-serif; font-size: 14pt;\" href=\"mailto:info@cornelia-schlatter.de\">info@cornelia-schlatter.de<\/a><\/span><\/p>\n<p><span style=\"font-size: 14pt; font-family: 'Century Gothic', CenturyGothic, Geneva, AppleGothic, sans-serif;\">Website:\u00a0\u00a0\u00a0\u00a0\u00a0\u00a0\u00a0 <a href=\"http:\/\/www.cornelia-schlatter.de\/\">www.cornelia-schlatter.de<\/a><\/span><\/p>\n<p><span style=\"font-size: 14pt; font-family: 'Century Gothic', CenturyGothic, Geneva, AppleGothic, sans-serif;\">Umsatzsteuer-Identifikationsnummer: DE 200310134<\/span><\/p>\n<p><span style=\"font-size: 14pt; font-family: 'Century Gothic', CenturyGothic, Geneva, AppleGothic, sans-serif;\">Gesch\u00e4ftsf\u00fchrerin: Dr. Cornelia Schlatter<\/span><\/p>\n<p><span style=\"font-size: 14pt; font-family: 'Century Gothic', CenturyGothic, Geneva, AppleGothic, sans-serif;\">Haftungsausschluss:<\/span><\/p>\n<p><span style=\"font-size: 14pt; font-family: 'Century Gothic', CenturyGothic, Geneva, AppleGothic, sans-serif;\">Haftung f\u00fcr Inhalte:<\/span><\/p>\n<p style=\"text-align: justify;\"><span style=\"font-size: 14pt; font-family: 'Century Gothic', CenturyGothic, Geneva, AppleGothic, sans-serif; line-height: 150%;\">Die Inhalte der Website sind mit gr\u00f6\u00dfter Sorgfalt erstellt worden. F\u00fcr die Richtigkeit, Vollst\u00e4ndigkeit und Aktualit\u00e4t der Inhalte \u00fcbernehmen wir keine Gew\u00e4hr. Als Diensteanbieter sind wir gem\u00e4\u00df \u00a7 7 Abs. 1 TMG f\u00fcr eigene Seiten nach den allgemeinen Gesetzen verantwortlich. Nach \u00a7\u00a7 8 bis 10 TMG sind wir als Diensteanbieter jedoch nicht verpflichtet, \u00fcbermittelte und gespeicherte fremde Informationen zu \u00fcberwachen oder nach Umst\u00e4nden zu forschen, die auf eine rechtswidrige T\u00e4tigkeit hinweisen. Verpflichtungen zur Entfernung\u00a0 oder Sperrung der Nutzung von Informationen nach den allgemeinen Gesetzen bleiben hiervon unber\u00fchrt. Eine diesbez\u00fcgliche Haftung ist jedoch erst ab dem Zeitpunkt der Kenntnis einer konkreten Rechtsverletzung m\u00f6glich. Bei Bekanntwerden von entsprechenden Rechtsverletzungen werden wir diese Inhalte umgehend entfernen.<\/span><\/p>\n<p><span style=\"font-size: 14pt; font-family: 'Century Gothic', CenturyGothic, Geneva, AppleGothic, sans-serif;\">Haftung f\u00fcr Links:<\/span><\/p>\n<p style=\"text-align: justify;\"><span style=\"font-size: 14pt; font-family: 'Century Gothic', CenturyGothic, Geneva, AppleGothic, sans-serif; line-height: 150%;\">Unser Angebot enth\u00e4lt Links zu externen Webseiten Dritter, auf deren Inhalte wir keinen Einfluss haben. F\u00fcr die Inhalte der verlinkten Seiten ist stets\u00a0 der jeweilige Anbieter und Betreiber der Seiten verantwortlich. Die verlinkten Seiten wurden zum Zeitpunkt der Verlinkung auf m\u00f6gliche Rechtsverst\u00f6\u00dfe \u00fcberpr\u00fcft. Rechtswidrige Inhalte waren zum Zeitpunkt der Verlinkung nicht erkennbar. Eine permanente inhaltliche Kontrolle der verlinkten Seiten ist jedoch ohne konkrete Anhaltspunkte einer Rechtsverletzung nicht zumutbar. Bei Bekanntwerden von Rechtsverletzungen werden wir derartige Links umgehend entfernen.<\/span><\/p>\n<p><span style=\"font-size: 14pt; font-family: 'Century Gothic', CenturyGothic, Geneva, AppleGothic, sans-serif;\">Urheberrecht:<\/span><\/p>\n<p style=\"text-align: justify;\"><span style=\"font-size: 14pt; font-family: 'Century Gothic', CenturyGothic, Geneva, AppleGothic, sans-serif; line-height: 150%;\">Die durch den Seitenbetreiber erstellten ver\u00f6ffentlichten Inhalte und Abbildungen unterliegen dem deutschen Urheberrecht. Die Vervielf\u00e4ltigung, Bearbeitung, Verbreitung und jede Art der Verwertung au\u00dferhalb der Grenzen des Urheberrechts bed\u00fcrfen der schriftlichen Zustimmung des jeweiligen Autors bzw. Erstellers. Downloads und Kopien dieser Seite sind nur f\u00fcr den privaten, nicht kommerziellen Gebrauch gestattet. Soweit die Inhalte auf dieser Seite nicht vom Betreiber erstellt worden sind, werden die Urheberrechte Dritter beachtet. Insbesondere werden Inhalte Dritter als solche gekennzeichnet. Sollten Sie trotzdem auf eine Urheberrechtsverletzung aufmerksam werden, bitten wir um einen entsprechenden Hinweis. Bei Bekanntwerden von Rechtverletzungen werden wir derartige Inhalte sofort entfernen.<\/span><\/p>\n<p><span style=\"font-size: 14pt; font-family: 'Century Gothic', CenturyGothic, Geneva, AppleGothic, sans-serif;\">Datenschutz:<\/span><\/p>\n<p style=\"text-align: justify;\"><span style=\"font-size: 14pt; font-family: 'Century Gothic', CenturyGothic, Geneva, AppleGothic, sans-serif; line-height: 150%;\">Wenn Sie personenbezogene Daten in Formulare auf unserer Website eingeben, erfolgt dies freiwillig. Die Einwilligung in die Erhebung und Speicherung Ihrer Daten ist widerruflich. Die Verarbeitung Ihrer Daten erfolgt ausschlie\u00dflich zum jeweiligen Zweck, den die Eingabe hat. Wir weisen darauf hin, dass die Daten\u00fcbertragung im Internet (z. B. bei der Kommunikation per E-Mail) Sicherheitsl\u00fccken aufweisen kann. Ein l\u00fcckenloser Schutz der Daten vor dem Zugriff durch Dritte ist nicht m\u00f6glich.<\/span><\/p>\n<p style=\"text-align: justify;\"><span style=\"font-size: 14pt; font-family: 'Century Gothic', CenturyGothic, Geneva, AppleGothic, sans-serif; line-height: 150%;\">Verantwortlicher im Sinne des Presserechts sowie Dienstanbieter nach \u00a7 6 des Medienstaatsvertrages und \u00a7 6 Teledienstegesetzes, als Betreiber der Website und verantwortlich f\u00fcr die inhaltliche Ausgestaltung\u00a0 nach \u00a7 55 Abs. 2 RStV: Dr. Cornelia Schlatter\/Dr. SCHLATTER \u2013Training und Beratung, Forsthausweg 12, 63263 Neu-Isenburg.<\/span><\/p>\n<p><span lang=\"EN-US\" style=\"font-size: 14pt; font-family: 'Century Gothic', CenturyGothic, Geneva, AppleGothic, sans-serif;\">\u00a9 Copyright: Dr. Cornelia Schlatter <span lang=\"EN-US\" style=\"font-size: 14pt; font-family: 'Century Gothic', CenturyGothic, Geneva, AppleGothic, sans-serif;\">01.06.2020<\/span><\/span><\/p>\n","protected":false},"excerpt":{"rendered":"<p>Dr. SCHLATTER \u2013 Training und Beratung Dr. Cornelia Schlatter Forsthausweg 12 D \u2013 63263 Neu-Isenburg Telefon:\u00a0069\/60663541 E-Mail: \u00a0 \u00a0 \u00a0 \u00a0 \u00a0 info@cornelia-schlatter.de Website:\u00a0\u00a0\u00a0\u00a0\u00a0\u00a0\u00a0 www.cornelia-schlatter.de Umsatzsteuer-Identifikationsnummer: DE 200310134 Gesch\u00e4ftsf\u00fchrerin: Dr. Cornelia Schlatter Haftungsausschluss: Haftung f\u00fcr Inhalte: Die Inhalte der Website sind mit gr\u00f6\u00dfter Sorgfalt erstellt worden. F\u00fcr die Richtigkeit, Vollst\u00e4ndigkeit und Aktualit\u00e4t der Inhalte \u00fcbernehmen [&hellip;]<\/p>\n","protected":false},"author":1,"featured_media":0,"parent":0,"menu_order":0,"comment_status":"closed","ping_status":"closed","template":"","meta":{"footnotes":""},"class_list":["post-21","page","type-page","status-publish","hentry","entry"],"_links":{"self":[{"href":"https:\/\/www.cornelia-schlatter.de\/index.php?rest_route=\/wp\/v2\/pages\/21","targetHints":{"allow":["GET"]}}],"collection":[{"href":"https:\/\/www.cornelia-schlatter.de\/index.php?rest_route=\/wp\/v2\/pages"}],"about":[{"href":"https:\/\/www.cornelia-schlatter.de\/index.php?rest_route=\/wp\/v2\/types\/page"}],"author":[{"embeddable":true,"href":"https:\/\/www.cornelia-schlatter.de\/index.php?rest_route=\/wp\/v2\/users\/1"}],"replies":[{"embeddable":true,"href":"https:\/\/www.cornelia-schlatter.de\/index.php?rest_route=%2Fwp%2Fv2%2Fcomments&post=21"}],"version-history":[{"count":3,"href":"https:\/\/www.cornelia-schlatter.de\/index.php?rest_route=\/wp\/v2\/pages\/21\/revisions"}],"predecessor-version":[{"id":97,"href":"https:\/\/www.cornelia-schlatter.de\/index.php?rest_route=\/wp\/v2\/pages\/21\/revisions\/97"}],"wp:attachment":[{"href":"https:\/\/www.cornelia-schlatter.de\/index.php?rest_route=%2Fwp%2Fv2%2Fmedia&parent=21"}],"curies":[{"name":"wp","href":"https:\/\/api.w.org\/{rel}","templated":true}]}}